{"id":3307,"date":"2023-07-17T18:09:38","date_gmt":"2023-07-17T18:09:38","guid":{"rendered":"https:\/\/latinamerica.hanseaticglobalterminals.com\/terminales-portuarios\/iti\/"},"modified":"2025-07-14T20:03:38","modified_gmt":"2025-07-14T20:03:38","slug":"iti","status":"publish","type":"page","link":"https:\/\/latinamerica.hanseaticglobalterminals.com\/es\/terminales-portuarios\/iti\/","title":{"rendered":"ITI"},"content":{"rendered":"<div class=\"wpb-content-wrapper\"><p>[vc_row full_width=\u00bbstretch_row_content_no_spaces\u00bb equal_height=\u00bbyes\u00bb content_placement=\u00bbmiddle\u00bb custom_css_code=\u00bbJTQwbWVkaWElMjAlMjhtYXgtd2lkdGglM0ElMjAxMTk5cHglMjklN0IlMEElMjAlMjAlMjAlMjAlNDBpZC53cGJfcm93JTIwJTNFJTIwJTJBJTIwJTdCJTBBJTIwJTIwJTIwJTIwJTIwJTIwJTIwJTIwbWFyZ2luLXRvcCUzQSUyMDAlM0IlMEElMjAlMjAlMjAlMjAlN0QlMEElN0Q=\u00bb css=\u00bb.vc_custom_1587143829128{margin-bottom: 0px !important;}\u00bb][vc_column css_animation=\u00bbfadeIn\u00bb offset=\u00bbvc_col-lg-6 vc_col-md-12 vc_col-xs-12&#8243;][vc_row_inner equal_height=\u00bbyes\u00bb content_placement=\u00bbbottom\u00bb][vc_column_inner width=\u00bb1\/2&#8243; background_position_desktop=\u00bbcenter center\u00bb disable_custom_paddings_mobile=\u00bbtrue\u00bb css=\u00bb.vc_custom_1750980029553{padding-right: 60px !important;padding-left: 60px !important;background-color: #303E52 !important;}\u00bb background_color_tablet=\u00bb#0c2342&#8243;]<div class=\"clearboth\"><\/div><style>#thegem-divider-69fb4418ea188 {margin-top: 30px !important;}@media screen and (max-width: 767px) {#thegem-divider-69fb4418ea188 {display: none;}}<\/style><div id=\"thegem-divider-69fb4418ea188\" class=\"gem-divider  \" style=\"\" ><\/div>[vc_single_image image=\u00bb2545&#8243; img_size=\u00bbfull\u00bb alignment=\u00bbcenter\u00bb]<style>.thegem-custom-69fb4418ea2f89425 .gem-icon-half-1 {color: #ffffff;}.thegem-custom-69fb4418ea2f89425 .gem-icon-half-2 {color: #ffffff;}.thegem-custom-69fb4418ea2f89425 .gem-icon-style-gradient .back-angle {background: linear-gradient( to bottom, #ffffff, ); -webkit-text-fill-color: transparent; -webkit-background-clip: text;}.thegem-custom-69fb4418ea2f89425 .gem-icon  {font-size: 50px;}.thegem-custom-69fb4418ea2f89425 .gem-icon:not(.gem-simple-icon) .gem-icon-inner {width: 75px; height: 75px; line-height: 75px;}.thegem-custom-69fb4418ea2f89425 .gem-icon.gem-simple-icon {width: 50px; height: 50px; line-height: 50px;}.thegem-custom-69fb4418ea2f89425 a:hover .gem-infotext-icon .gem-icon-half-1 {color: #ffffff !important;}.thegem-custom-69fb4418ea2f89425 a:hover .gem-infotext-icon .gem-icon-half-2 {color: #ffffff !important;}.thegem-custom-69fb4418ea2f89425 a:hover .gem-infotext-icon .gem-icon-style-gradient .back-angle {background: linear-gradient( to bottom, #ffffff, ); -webkit-text-fill-color: transparent; -webkit-background-clip: text;}.gem-infotext.thegem-custom-69fb4418ea2f89425 .gem-infotext-icon {margin-right:20px !important;}.gem-infotext.thegem-custom-69fb4418ea2f89425 .title-customize {color:#ffffff !important;}.gem-infotext.thegem-custom-69fb4418ea2f89425 a:hover .gem-infotext .title-customize {color:rgba(255,255,255,0.48) !important;}.gem-infotext.thegem-custom-69fb4418ea2f89425 .subtitle-customize {color:#ffffff !important;}.gem-infotext.thegem-custom-69fb4418ea2f89425 a:hover .gem-infotext .subtitle-customize {color:rgba(255,255,255,0.52) !important;}.gem-infotext.thegem-custom-69fb4418ea2f89425 .description-customize {color:#ffffff !important;}.gem-infotext.thegem-custom-69fb4418ea2f89425 a:hover .gem-infotext .description-customize {color:rgba(255,255,255,0.48) !important;}<\/style><div class=\"gem-infotext alignment-center thegem-custom-69fb4418ea2f89425\" style=\"\"> <div class=\"gem-infotext-wrap position--left vertical--center\"> <div class=\"gem-infotext-icon\"> <div class=\"gem-icon gem-simple-icon gem-icon-pack-fontawesome gem-icon-size-custom\"> <div class=\"gem-icon-inner\"><span class=\"gem-icon-half-1\"><span class=\"back-angle\">&#xf041;<\/span><\/span><span class=\"gem-icon-half-2\"><span class=\"back-angle\">&#xf041;<\/span><\/span><\/div> <\/div> <\/div> <div class=\"gem-infotext\"> <div class=\"gem-infotext__title\"> <div class=\"title-customize title-h5\" style=\"\"> IQUIQUE <\/div> <\/div> <div class=\"gem-infotext__description\"> <div class=\"description-customize text-body light\" style=\"\"> Regi\u00f3n de Tarapac\u00e1<br \/>\nChile <\/div> <\/div> <\/div> <\/div> <\/div><div class=\"clearboth\"><\/div><style>#thegem-divider-69fb4418ea3da {margin-top: 115px !important;}@media screen and (max-width: 1023px) and (min-width: 768px) {#thegem-divider-69fb4418ea3da {margin-top: 30px !important;}}@media screen and (max-width: 767px) {#thegem-divider-69fb4418ea3da {margin-top: 30px !important;}}<\/style><div id=\"thegem-divider-69fb4418ea3da\" class=\"gem-divider  \" style=\"\" ><\/div>[\/vc_column_inner][vc_column_inner width=\u00bb1\/2&#8243; disable_custom_paddings_mobile=\u00bbtrue\u00bb css=\u00bb.vc_custom_1750980113427{padding-right: 60px !important;padding-left: 60px !important;background-color: #7E91AE !important;}\u00bb background_color_tablet=\u00bb#0085bd\u00bb]<div class=\"clearboth\"><\/div><style>#thegem-divider-69fb4418ea409 {margin-top: 30px !important;}@media screen and (max-width: 767px) {#thegem-divider-69fb4418ea409 {display: none;}}<\/style><div id=\"thegem-divider-69fb4418ea409\" class=\"gem-divider  \" style=\"\" ><\/div>[vc_separator color=\u00bbwhite\u00bb align=\u00bbalign_left\u00bb el_width=\u00bb80&#8243; css=\u00bb.vc_custom_1690208338341{padding-top: 15px !important;padding-bottom: 15px !important;}\u00bb]<style>.thegem-custom-69fb4418ea4546337 .gem-icon-half-1 {color: #ffffff;}.thegem-custom-69fb4418ea4546337 .gem-icon-half-2 {color: #ffffff;}.thegem-custom-69fb4418ea4546337 .gem-icon-style-gradient .back-angle {background: linear-gradient( to bottom, #ffffff, ); -webkit-text-fill-color: transparent; -webkit-background-clip: text;}.thegem-custom-69fb4418ea4546337 .gem-icon  {font-size: 16px;}.thegem-custom-69fb4418ea4546337 .gem-icon:not(.gem-simple-icon) .gem-icon-inner {width: 24px; height: 24px; line-height: 24px;}.thegem-custom-69fb4418ea4546337 .gem-icon.gem-simple-icon {width: 16px; height: 16px; line-height: 16px;}.thegem-custom-69fb4418ea4546337 a:hover .gem-infotext-icon .gem-icon-half-1 {color: #00a7d1 !important;}.thegem-custom-69fb4418ea4546337 a:hover .gem-infotext-icon .gem-icon-half-2 {color: #00a7d1 !important;}.thegem-custom-69fb4418ea4546337 a:hover .gem-infotext-icon .gem-icon-style-gradient .back-angle {background: linear-gradient( to bottom, #00a7d1, ); -webkit-text-fill-color: transparent; -webkit-background-clip: text;}.gem-infotext.thegem-custom-69fb4418ea4546337 .gem-infotext-icon {margin-top:-2px !important;}.gem-infotext.thegem-custom-69fb4418ea4546337 .gem-infotext-icon {margin-right:8px !important;}.gem-infotext.thegem-custom-69fb4418ea4546337 .title-customize {color:#ffffff !important;}.gem-infotext.thegem-custom-69fb4418ea4546337 a:hover .gem-infotext .title-customize {color:#00a7c9 !important;}<\/style><div class=\"gem-infotext alignment-left thegem-custom-69fb4418ea4546337\" style=\"\"> <a href=\"http:\/\/www.iti.cl\" target=\"_blank\" class=\"gem-infotext-wrap position--left vertical--center\" aria-label=\"Leer M\u00e1s\"> <div class=\"gem-infotext-icon\"> <div class=\"gem-icon gem-simple-icon gem-icon-pack-thegem-header gem-icon-size-custom\"> <div class=\"gem-icon-inner\"><span class=\"gem-icon-half-1\"><span class=\"back-angle\">&#xe741;<\/span><\/span><span class=\"gem-icon-half-2\"><span class=\"back-angle\">&#xe741;<\/span><\/span><\/div> <\/div> <\/div> <div class=\"gem-infotext\"> <div class=\"gem-infotext__title\"> <div class=\"title-customize text-body light\" style=\"\"> www.iti.cl <\/div> <\/div> <\/div> <\/a> <\/div><div class=\"clearboth\"><\/div><style>#thegem-divider-69fb4418ea4f2 {margin-top: 15px !important;}<\/style><div id=\"thegem-divider-69fb4418ea4f2\" class=\"gem-divider  \" style=\"\" ><\/div><style>.thegem-custom-69fb4418ea5379873 .gem-icon-half-1 {color: #ffffff;}.thegem-custom-69fb4418ea5379873 .gem-icon-half-2 {color: #ffffff;}.thegem-custom-69fb4418ea5379873 .gem-icon-style-gradient .back-angle {background: linear-gradient( to bottom, #ffffff, ); -webkit-text-fill-color: transparent; -webkit-background-clip: text;}.thegem-custom-69fb4418ea5379873 .gem-icon  {font-size: 16px;}.thegem-custom-69fb4418ea5379873 .gem-icon:not(.gem-simple-icon) .gem-icon-inner {width: 24px; height: 24px; line-height: 24px;}.thegem-custom-69fb4418ea5379873 .gem-icon.gem-simple-icon {width: 16px; height: 16px; line-height: 16px;}.thegem-custom-69fb4418ea5379873 a:hover .gem-infotext-icon .gem-icon-half-1 {color: #00a7d1 !important;}.thegem-custom-69fb4418ea5379873 a:hover .gem-infotext-icon .gem-icon-half-2 {color: #00a7d1 !important;}.thegem-custom-69fb4418ea5379873 a:hover .gem-infotext-icon .gem-icon-style-gradient .back-angle {background: linear-gradient( to bottom, #00a7d1, ); -webkit-text-fill-color: transparent; -webkit-background-clip: text;}.gem-infotext.thegem-custom-69fb4418ea5379873 .gem-infotext-icon {margin-top:-2px !important;}.gem-infotext.thegem-custom-69fb4418ea5379873 .gem-infotext-icon {margin-right:8px !important;}.gem-infotext.thegem-custom-69fb4418ea5379873 .title-customize {color:#ffffff !important;}.gem-infotext.thegem-custom-69fb4418ea5379873 a:hover .gem-infotext .title-customize {color:#00a7c9 !important;}<\/style><div class=\"gem-infotext alignment-left thegem-custom-69fb4418ea5379873\" style=\"\"> <a href=\"mailto:comercial@iti.cl\" target=\"_self\" class=\"gem-infotext-wrap position--left vertical--center\" aria-label=\"Leer M\u00e1s\"> <div class=\"gem-infotext-icon\"> <div class=\"gem-icon gem-simple-icon gem-icon-pack-fontawesome gem-icon-size-custom\"> <div class=\"gem-icon-inner\"><span class=\"gem-icon-half-1\"><span class=\"back-angle\">&#xf003;<\/span><\/span><span class=\"gem-icon-half-2\"><span class=\"back-angle\">&#xf003;<\/span><\/span><\/div> <\/div> <\/div> <div class=\"gem-infotext\"> <div class=\"gem-infotext__title\"> <div class=\"title-customize text-body light\" style=\"\"> comercial@iti.cl <\/div> <\/div> <\/div> <\/a> <\/div><div class=\"clearboth\"><\/div><style>#thegem-divider-69fb4418ea5b9 {margin-top: 15px !important;}<\/style><div id=\"thegem-divider-69fb4418ea5b9\" class=\"gem-divider  \" style=\"\" ><\/div><style>.thegem-custom-69fb4418ea5ff4180 .gem-icon-half-1 {color: #ffffff;}.thegem-custom-69fb4418ea5ff4180 .gem-icon-half-2 {color: #ffffff;}.thegem-custom-69fb4418ea5ff4180 .gem-icon-style-gradient .back-angle {background: linear-gradient( to bottom, #ffffff, ); -webkit-text-fill-color: transparent; -webkit-background-clip: text;}.thegem-custom-69fb4418ea5ff4180 .gem-icon  {font-size: 16px;}.thegem-custom-69fb4418ea5ff4180 .gem-icon:not(.gem-simple-icon) .gem-icon-inner {width: 24px; height: 24px; line-height: 24px;}.thegem-custom-69fb4418ea5ff4180 .gem-icon.gem-simple-icon {width: 16px; height: 16px; line-height: 16px;}.thegem-custom-69fb4418ea5ff4180 a:hover .gem-infotext-icon .gem-icon-half-1 {color: #00a7d1 !important;}.thegem-custom-69fb4418ea5ff4180 a:hover .gem-infotext-icon .gem-icon-half-2 {color: #00a7d1 !important;}.thegem-custom-69fb4418ea5ff4180 a:hover .gem-infotext-icon .gem-icon-style-gradient .back-angle {background: linear-gradient( to bottom, #00a7d1, ); -webkit-text-fill-color: transparent; -webkit-background-clip: text;}.gem-infotext.thegem-custom-69fb4418ea5ff4180 .gem-infotext-icon {margin-top:-2px !important;}.gem-infotext.thegem-custom-69fb4418ea5ff4180 .gem-infotext-icon {margin-right:8px !important;}.gem-infotext.thegem-custom-69fb4418ea5ff4180 .title-customize {color:#ffffff !important;}.gem-infotext.thegem-custom-69fb4418ea5ff4180 a:hover .gem-infotext .title-customize {color:#00a7c9 !important;}<\/style><div class=\"gem-infotext alignment-left thegem-custom-69fb4418ea5ff4180\" style=\"\"> <a href=\"https:\/\/www.linkedin.com\/company\/iquique-terminal-internacional-s.a.\/\" target=\"_blank\" class=\"gem-infotext-wrap position--left vertical--center\" aria-label=\"Leer M\u00e1s\"> <div class=\"gem-infotext-icon\"> <div class=\"gem-icon gem-simple-icon gem-icon-pack-fontawesome gem-icon-size-custom\"> <div class=\"gem-icon-inner\"><span class=\"gem-icon-half-1\"><span class=\"back-angle\">&#xf08c;<\/span><\/span><span class=\"gem-icon-half-2\"><span class=\"back-angle\">&#xf08c;<\/span><\/span><\/div> <\/div> <\/div> <div class=\"gem-infotext\"> <div class=\"gem-infotext__title\"> <div class=\"title-customize text-body light\" style=\"\"> LinkedIn <\/div> <\/div> <\/div> <\/a> <\/div><div class=\"clearboth\"><\/div><style>#thegem-divider-69fb4418ea665 {margin-top: 115px !important;}@media screen and (max-width: 1023px) and (min-width: 768px) {#thegem-divider-69fb4418ea665 {margin-top: 30px !important;}}@media screen and (max-width: 767px) {#thegem-divider-69fb4418ea665 {margin-top: 30px !important;}}<\/style><div id=\"thegem-divider-69fb4418ea665\" class=\"gem-divider  \" style=\"\" ><\/div>[\/vc_column_inner][\/vc_row_inner][\/vc_column][vc_column offset=\u00bbvc_col-lg-6 vc_col-md-12 vc_col-xs-12&#8243; css=\u00bb.vc_custom_1690207664487{padding-right: 120px !important;padding-left: 120px !important;}\u00bb tablet_padding_left=\u00bb20&#8243; tablet_padding_right=\u00bb20&#8243; mobile_padding_left=\u00bb20&#8243; mobile_padding_right=\u00bb20&#8243;][vc_row_inner][vc_column_inner offset=\u00bbvc_hidden-lg\u00bb]<div class=\"clearboth\"><\/div><style>#thegem-divider-69fb4418ea68e {margin-top: 50px !important;}<\/style><div id=\"thegem-divider-69fb4418ea68e\" class=\"gem-divider  \" style=\"\" ><\/div>[\/vc_column_inner][\/vc_row_inner][vc_column_text]<strong>Este terminal multiprop\u00f3sito manipula contenedores, carga fraccionada y carga de proyecto. <\/strong><\/p>\n<p><span style=\"font-weight: 400;\">Opera como terminal de operador \u00fanico y <\/span><span style=\"font-weight: 400;\">se especializa en el manejo de carga contenerizada, pero tambi\u00e9n maneja carga general. ITI tiene una ubicaci\u00f3n estrat\u00e9gica que le proporciona acceso directo a la principal autopista de Chile (la Carretera Panamericana o Ruta 5) y a la Macro Regi\u00f3n Andina (Bolivia, Brasil, Paraguay y el norte de Argentina). Sus principales clientes son las empresas mineras de la regi\u00f3n, la zona franca ZOFRI-Iquique (situada a s\u00f3lo 5 km del ITI) y los mercados comerciales bolivianos.<\/span>[\/vc_column_text][vc_row_inner css=\u00bb.vc_custom_1689029535457{margin-top: 20px !important;border-top-width: 1px !important;padding-top: 0px !important;border-top-color: #e2e2e2 !important;border-top-style: solid !important;}\u00bb][vc_column_inner width=\u00bb1\/2&#8243; css=\u00bb.vc_custom_1690208030162{padding-right: 0px !important;padding-left: 0px !important;}\u00bb offset=\u00bbvc_col-xs-6&#8243;][vc_btn title=\u00bbTerminal Portuario anterior\u00bb style=\u00bbflat\u00bb shape=\u00bbsquare\u00bb color=\u00bbwhite\u00bb size=\u00bbsm\u00bb align=\u00bbleft\u00bb i_icon_fontawesome=\u00bbfas fa-arrow-left\u00bb add_icon=\u00bbtrue\u00bb link=\u00bburl:https%3A%2F%2Flatinamerica.hanseaticglobalterminals.com%2Fes%2Fterminales-portuarios%2Fpbv%2F|title:TPG\u00bb][\/vc_column_inner][vc_column_inner width=\u00bb1\/2&#8243; css=\u00bb.vc_custom_1690208035632{padding-right: 0px !important;padding-left: 0px !important;}\u00bb offset=\u00bbvc_col-xs-6&#8243;][vc_btn title=\u00bbSiguiente Terminal Portuario\u00bb style=\u00bbflat\u00bb shape=\u00bbsquare\u00bb color=\u00bbwhite\u00bb size=\u00bbsm\u00bb align=\u00bbright\u00bb i_align=\u00bbright\u00bb i_icon_fontawesome=\u00bbfas fa-arrow-right\u00bb css=\u00bb\u00bb add_icon=\u00bbtrue\u00bb link=\u00bburl:https%3A%2F%2Flatinamerica.hanseaticglobalterminals.com%2Fes%2Fterminales-portuarios%2Fati%2F|title:ATI\u00bb][\/vc_column_inner][\/vc_row_inner][vc_row_inner][vc_column_inner offset=\u00bbvc_hidden-lg\u00bb]<div class=\"clearboth\"><\/div><style>#thegem-divider-69fb4418ea6b2 {margin-top: 30px !important;}@media screen and (max-width: 767px) {#thegem-divider-69fb4418ea6b2 {display: none;}}<\/style><div id=\"thegem-divider-69fb4418ea6b2\" class=\"gem-divider  \" style=\"\" ><\/div>[\/vc_column_inner][\/vc_row_inner][\/vc_column][\/vc_row][vc_row full_width=\u00bbstretch_row_content_no_spaces\u00bb equal_height=\u00bbyes\u00bb css=\u00bb.vc_custom_1750980418454{margin-top: 0px !important;margin-right: 0px !important;margin-bottom: -20px !important;margin-left: 0px !important;padding-top: 0px !important;padding-right: 0px !important;padding-bottom: 0px !important;padding-left: 0px !important;background-color: #F9FAFB !important;}\u00bb][vc_column width=\u00bb1\/4&#8243; css=\u00bb.vc_custom_1690234330134{background-image: url(https:\/\/latinamerica.hanseaticglobalterminals.com\/wp-content\/uploads\/2023\/07\/ITI-04.jpg?id=2511) !important;background-position: center !important;background-repeat: no-repeat !important;background-size: cover !important;}\u00bb]<div class=\"clearboth\"><\/div><style>#thegem-divider-69fb4418ea6d4 {margin-top: 300px !important;}<\/style><div id=\"thegem-divider-69fb4418ea6d4\" class=\"gem-divider  \" style=\"\" ><\/div>[\/vc_column][vc_column width=\u00bb3\/4&#8243; css=\u00bb.vc_custom_1689027702983{padding-right: 5% !important;padding-left: 5% !important;}\u00bb][vc_row_inner css=\u00bb.vc_custom_1689027257537{padding-top: 50px !important;padding-bottom: 50px !important;}\u00bb][vc_column_inner width=\u00bb1\/6&#8243; offset=\u00bbvc_col-xs-6&#8243;]<div class=\"centered-box gem-image-centered-box\" ><div class=\"gem-image gem-wrapbox gem-wrapbox-style-14 gem-wrapbox-position-centered lazy-loading  thegem-custom-69fb4418ea7099783\"  style=\"width: 110px;height: 90px;\" ><div class=\"gem-wrapbox-inner  lazy-loading-item\"  data-ll-effect=\"move-up\"><img class=\"gem-wrapbox-element img-responsive\" src=\"https:\/\/latinamerica.hanseaticglobalterminals.com\/wp-content\/uploads\/2023\/07\/ICONOS-ports-02.png\" alt=\"\"\/><\/div><style type=\"text\/css\">.thegem-custom-69fb4418ea7099783.gem-image a:hover img {filter: brightness( 100% ) contrast( 100% ) saturate( 100% ) blur( 0px ) hue-rotate( 0deg );}<\/style><\/div><\/div>[vc_column_text]<\/p>\n<p style=\"text-align: center;\"><strong>Longitud del muelle<\/strong><\/p>\n<div class=\"styled-subtitle\" style=\"text-align: center;\"><span style=\"font-weight: 400;\">624 m<\/span><\/div>\n<p>[\/vc_column_text]<div class=\"clearboth\"><\/div><style>#thegem-divider-69fb4418eb621 {margin-top: 20px !important;}<\/style><div id=\"thegem-divider-69fb4418eb621\" class=\"gem-divider  \" style=\"\" ><\/div>[\/vc_column_inner][vc_column_inner width=\u00bb1\/6&#8243; offset=\u00bbvc_col-xs-6&#8243;]<div class=\"centered-box gem-image-centered-box\" ><div class=\"gem-image gem-wrapbox gem-wrapbox-style-14 gem-wrapbox-position-centered lazy-loading  thegem-custom-69fb4418eb6b32557\"  style=\"width: 110px;height: 90px;\" ><div class=\"gem-wrapbox-inner  lazy-loading-item\"  data-ll-effect=\"move-up\"><img class=\"gem-wrapbox-element img-responsive\" src=\"https:\/\/latinamerica.hanseaticglobalterminals.com\/wp-content\/uploads\/2023\/07\/ICONOS-ports-04.png\" alt=\"\"\/><\/div><style type=\"text\/css\">.thegem-custom-69fb4418eb6b32557.gem-image a:hover img {filter: brightness( 100% ) contrast( 100% ) saturate( 100% ) blur( 0px ) hue-rotate( 0deg );}<\/style><\/div><\/div>[vc_column_text]<\/p>\n<p style=\"text-align: center;\"><strong>Dragado<\/strong><\/p>\n<div class=\"styled-subtitle\" style=\"text-align: center;\"><span style=\"font-weight: 400;\">11,4 m<\/span><\/div>\n<p>[\/vc_column_text]<div class=\"clearboth\"><\/div><style>#thegem-divider-69fb4418ec4f7 {margin-top: 20px !important;}<\/style><div id=\"thegem-divider-69fb4418ec4f7\" class=\"gem-divider  \" style=\"\" ><\/div>[\/vc_column_inner][vc_column_inner width=\u00bb1\/6&#8243; offset=\u00bbvc_col-xs-6&#8243;]<div class=\"centered-box gem-image-centered-box\" ><div class=\"gem-image gem-wrapbox gem-wrapbox-style-14 gem-wrapbox-position-centered lazy-loading  thegem-custom-69fb4418ec5292595\"  style=\"width: 110px;height: 90px;\" ><div class=\"gem-wrapbox-inner  lazy-loading-item\"  data-ll-effect=\"move-up\"><img class=\"gem-wrapbox-element img-responsive\" src=\"https:\/\/latinamerica.hanseaticglobalterminals.com\/wp-content\/uploads\/2023\/07\/ICONOS-ports-05.png\" alt=\"\"\/><\/div><style type=\"text\/css\">.thegem-custom-69fb4418ec5292595.gem-image a:hover img {filter: brightness( 100% ) contrast( 100% ) saturate( 100% ) blur( 0px ) hue-rotate( 0deg );}<\/style><\/div><\/div>[vc_column_text css=\u00bb\u00bb]<\/p>\n<p style=\"text-align: center;\"><strong>Gr\u00faas de muelle<\/strong><\/p>\n<div class=\"styled-subtitle\" style=\"text-align: center;\"><span style=\"font-weight: 400;\">6,0x (MHC)<\/span><\/div>\n<p>[\/vc_column_text]<div class=\"clearboth\"><\/div><style>#thegem-divider-69fb4418ed4bf {margin-top: 20px !important;}<\/style><div id=\"thegem-divider-69fb4418ed4bf\" class=\"gem-divider  \" style=\"\" ><\/div>[\/vc_column_inner][vc_column_inner width=\u00bb1\/6&#8243; offset=\u00bbvc_col-xs-6&#8243;]<div class=\"centered-box gem-image-centered-box\" ><div class=\"gem-image gem-wrapbox gem-wrapbox-style-14 gem-wrapbox-position-centered lazy-loading  thegem-custom-69fb4418ed55f5435\"  style=\"width: 110px;height: 90px;\" ><div class=\"gem-wrapbox-inner  lazy-loading-item\"  data-ll-effect=\"move-up\"><img class=\"gem-wrapbox-element img-responsive\" src=\"https:\/\/latinamerica.hanseaticglobalterminals.com\/wp-content\/uploads\/2023\/07\/ICONOS-ports-08.png\" alt=\"\"\/><\/div><style type=\"text\/css\">.thegem-custom-69fb4418ed55f5435.gem-image a:hover img {filter: brightness( 100% ) contrast( 100% ) saturate( 100% ) blur( 0px ) hue-rotate( 0deg );}<\/style><\/div><\/div>[vc_column_text css=\u00bb\u00bb]<\/p>\n<p style=\"text-align: center;\"><strong>Capacidad<\/strong><\/p>\n<div class=\"styled-subtitle\" style=\"text-align: center;\">\n<p><span style=\"font-weight: 400;\">370.000 TEU<\/span><\/p>\n<\/div>\n<p>[\/vc_column_text]<div class=\"clearboth\"><\/div><style>#thegem-divider-69fb4418ee51a {margin-top: 20px !important;}<\/style><div id=\"thegem-divider-69fb4418ee51a\" class=\"gem-divider  \" style=\"\" ><\/div>[\/vc_column_inner][vc_column_inner width=\u00bb1\/6&#8243; offset=\u00bbvc_col-xs-6&#8243;]<div class=\"centered-box gem-image-centered-box\" ><div class=\"gem-image gem-wrapbox gem-wrapbox-style-14 gem-wrapbox-position-centered lazy-loading  thegem-custom-69fb4418ee57d5165\"  style=\"width: 110px;height: 90px;\" ><div class=\"gem-wrapbox-inner  lazy-loading-item\"  data-ll-effect=\"move-up\"><img class=\"gem-wrapbox-element img-responsive\" src=\"https:\/\/latinamerica.hanseaticglobalterminals.com\/wp-content\/uploads\/2023\/07\/ICONOS-ports-06.png\" alt=\"\"\/><\/div><style type=\"text\/css\">.thegem-custom-69fb4418ee57d5165.gem-image a:hover img {filter: brightness( 100% ) contrast( 100% ) saturate( 100% ) blur( 0px ) hue-rotate( 0deg );}<\/style><\/div><\/div>[vc_column_text css=\u00bb\u00bb]<\/p>\n<div style=\"text-align: center;\">\n<p><strong>Rendimiento<\/strong><\/p>\n<p><span style=\"font-weight: 400;\">307.138 TEU <strong>2024<\/strong><br \/>\n<\/span><span style=\"font-weight: 400;\">2.500.461 Ton <strong>2024<\/strong><\/span><\/p>\n<\/div>\n<p>[\/vc_column_text]<div class=\"clearboth\"><\/div><style>#thegem-divider-69fb4418ef349 {margin-top: 20px !important;}<\/style><div id=\"thegem-divider-69fb4418ef349\" class=\"gem-divider  \" style=\"\" ><\/div>[\/vc_column_inner][vc_column_inner width=\u00bb1\/6&#8243; offset=\u00bbvc_col-xs-6&#8243;]<div class=\"centered-box gem-image-centered-box\" ><div class=\"gem-image gem-wrapbox gem-wrapbox-style-14 gem-wrapbox-position-centered lazy-loading  thegem-custom-69fb4418ef3867070\"  style=\"width: 110px;height: 90px;\" ><div class=\"gem-wrapbox-inner  lazy-loading-item\"  data-ll-effect=\"move-up\"><img class=\"gem-wrapbox-element img-responsive\" src=\"https:\/\/latinamerica.hanseaticglobalterminals.com\/wp-content\/uploads\/2023\/07\/porcentaje-TMAZ.png\" alt=\"\"\/><\/div><style type=\"text\/css\">.thegem-custom-69fb4418ef3867070.gem-image a:hover img {filter: brightness( 100% ) contrast( 100% ) saturate( 100% ) blur( 0px ) hue-rotate( 0deg );}<\/style><\/div><\/div>[vc_column_text]<\/p>\n<p style=\"text-align: center;\"><strong>Porcentaje de propiedad<\/strong><\/p>\n<div class=\"styled-subtitle\" style=\"text-align: center;\"><span style=\"font-weight: 400;\">100%<\/span><\/div>\n<p>[\/vc_column_text]<div class=\"clearboth\"><\/div><style>#thegem-divider-69fb4418f00ea {margin-top: 20px !important;}<\/style><div id=\"thegem-divider-69fb4418f00ea\" class=\"gem-divider  \" style=\"\" ><\/div>[\/vc_column_inner][\/vc_row_inner][\/vc_column][\/vc_row]<\/p>\n<\/div>","protected":false},"excerpt":{"rendered":"<p>[vc_row full_width=\u00bbstretch_row_content_no_spaces\u00bb equal_height=\u00bbyes\u00bb content_placement=\u00bbmiddle\u00bb custom_css_code=\u00bbJTQwbWVkaWElMjAlMjhtYXgtd2lkdGglM0ElMjAxMTk5cHglMjklN0IlMEElMjAlMjAlMjAlMjAlNDBpZC53cGJfcm93JTIwJTNFJTIwJTJBJTIwJTdCJTBBJTIwJTIwJTIwJTIwJTIwJTIwJTIwJTIwbWFyZ2luLXRvcCUzQSUyMDAlM0IlMEElMjAlMjAlMjAlMjAlN0QlMEElN0Q=\u00bb css=\u00bb.vc_custom_1587143829128{margin-bottom: 0px !important;}\u00bb][vc_column css_animation=\u00bbfadeIn\u00bb offset=\u00bbvc_col-lg-6 vc_col-md-12 vc_col-xs-12&#8243;][vc_row_inner equal_height=\u00bbyes\u00bb content_placement=\u00bbbottom\u00bb][vc_column_inner width=\u00bb1\/2&#8243; background_position_desktop=\u00bbcenter center\u00bb disable_custom_paddings_mobile=\u00bbtrue\u00bb css=\u00bb.vc_custom_1750980029553{padding-right: 60px&#8230;<\/p>\n","protected":false},"author":1,"featured_media":0,"parent":3283,"menu_order":0,"comment_status":"closed","ping_status":"closed","template":"","meta":{"footnotes":""},"class_list":["post-3307","page","type-page","status-publish"],"_links":{"self":[{"href":"https:\/\/latinamerica.hanseaticglobalterminals.com\/es\/wp-json\/wp\/v2\/pages\/3307","targetHints":{"allow":["GET"]}}],"collection":[{"href":"https:\/\/latinamerica.hanseaticglobalterminals.com\/es\/wp-json\/wp\/v2\/pages"}],"about":[{"href":"https:\/\/latinamerica.hanseaticglobalterminals.com\/es\/wp-json\/wp\/v2\/types\/page"}],"author":[{"embeddable":true,"href":"https:\/\/latinamerica.hanseaticglobalterminals.com\/es\/wp-json\/wp\/v2\/users\/1"}],"replies":[{"embeddable":true,"href":"https:\/\/latinamerica.hanseaticglobalterminals.com\/es\/wp-json\/wp\/v2\/comments?post=3307"}],"version-history":[{"count":10,"href":"https:\/\/latinamerica.hanseaticglobalterminals.com\/es\/wp-json\/wp\/v2\/pages\/3307\/revisions"}],"predecessor-version":[{"id":4965,"href":"https:\/\/latinamerica.hanseaticglobalterminals.com\/es\/wp-json\/wp\/v2\/pages\/3307\/revisions\/4965"}],"up":[{"embeddable":true,"href":"https:\/\/latinamerica.hanseaticglobalterminals.com\/es\/wp-json\/wp\/v2\/pages\/3283"}],"wp:attachment":[{"href":"https:\/\/latinamerica.hanseaticglobalterminals.com\/es\/wp-json\/wp\/v2\/media?parent=3307"}],"curies":[{"name":"wp","href":"https:\/\/api.w.org\/{rel}","templated":true}]}}