{"id":3305,"date":"2023-07-17T17:33:12","date_gmt":"2023-07-17T17:33:12","guid":{"rendered":"https:\/\/latinamerica.hanseaticglobalterminals.com\/terminales-portuarios\/tpg\/"},"modified":"2025-07-14T18:04:09","modified_gmt":"2025-07-14T18:04:09","slug":"tpg","status":"publish","type":"page","link":"https:\/\/latinamerica.hanseaticglobalterminals.com\/es\/terminales-portuarios\/tpg\/","title":{"rendered":"TPG"},"content":{"rendered":"<div class=\"wpb-content-wrapper\"><p>[vc_row full_width=\u00bbstretch_row_content_no_spaces\u00bb equal_height=\u00bbyes\u00bb content_placement=\u00bbmiddle\u00bb custom_css_code=\u00bbJTQwbWVkaWElMjAlMjhtYXgtd2lkdGglM0ElMjAxMTk5cHglMjklN0IlMEElMjAlMjAlMjAlMjAlNDBpZC53cGJfcm93JTIwJTNFJTIwJTJBJTIwJTdCJTBBJTIwJTIwJTIwJTIwJTIwJTIwJTIwJTIwbWFyZ2luLXRvcCUzQSUyMDAlM0IlMEElMjAlMjAlMjAlMjAlN0QlMEElN0Q=\u00bb css=\u00bb.vc_custom_1587143829128{margin-bottom: 0px !important;}\u00bb][vc_column css_animation=\u00bbfadeIn\u00bb offset=\u00bbvc_col-lg-6 vc_col-md-12 vc_col-xs-12&#8243;][vc_row_inner equal_height=\u00bbyes\u00bb content_placement=\u00bbbottom\u00bb][vc_column_inner width=\u00bb1\/2&#8243; background_position_desktop=\u00bbcenter center\u00bb disable_custom_paddings_mobile=\u00bbtrue\u00bb css=\u00bb.vc_custom_1750980016712{padding-right: 60px !important;padding-left: 60px !important;background-color: #303E52 !important;}\u00bb background_color_tablet=\u00bb#0c2342&#8243;]<div class=\"clearboth\"><\/div><style>#thegem-divider-69fb443b23d1c {margin-top: 30px !important;}@media screen and (max-width: 767px) {#thegem-divider-69fb443b23d1c {display: none;}}<\/style><div id=\"thegem-divider-69fb443b23d1c\" class=\"gem-divider  \" style=\"\" ><\/div>[vc_single_image image=\u00bb2549&#8243; img_size=\u00bbfull\u00bb alignment=\u00bbcenter\u00bb]<style>.thegem-custom-69fb443b23d9f3375 .gem-icon-half-1 {color: #ffffff;}.thegem-custom-69fb443b23d9f3375 .gem-icon-half-2 {color: #ffffff;}.thegem-custom-69fb443b23d9f3375 .gem-icon-style-gradient .back-angle {background: linear-gradient( to bottom, #ffffff, ); -webkit-text-fill-color: transparent; -webkit-background-clip: text;}.thegem-custom-69fb443b23d9f3375 .gem-icon  {font-size: 50px;}.thegem-custom-69fb443b23d9f3375 .gem-icon:not(.gem-simple-icon) .gem-icon-inner {width: 75px; height: 75px; line-height: 75px;}.thegem-custom-69fb443b23d9f3375 .gem-icon.gem-simple-icon {width: 50px; height: 50px; line-height: 50px;}.thegem-custom-69fb443b23d9f3375 a:hover .gem-infotext-icon .gem-icon-half-1 {color: #ffffff !important;}.thegem-custom-69fb443b23d9f3375 a:hover .gem-infotext-icon .gem-icon-half-2 {color: #ffffff !important;}.thegem-custom-69fb443b23d9f3375 a:hover .gem-infotext-icon .gem-icon-style-gradient .back-angle {background: linear-gradient( to bottom, #ffffff, ); -webkit-text-fill-color: transparent; -webkit-background-clip: text;}.gem-infotext.thegem-custom-69fb443b23d9f3375 .gem-infotext-icon {margin-right:20px !important;}.gem-infotext.thegem-custom-69fb443b23d9f3375 .title-customize {color:#ffffff !important;}.gem-infotext.thegem-custom-69fb443b23d9f3375 a:hover .gem-infotext .title-customize {color:rgba(255,255,255,0.48) !important;}.gem-infotext.thegem-custom-69fb443b23d9f3375 .subtitle-customize {color:#ffffff !important;}.gem-infotext.thegem-custom-69fb443b23d9f3375 a:hover .gem-infotext .subtitle-customize {color:rgba(255,255,255,0.52) !important;}.gem-infotext.thegem-custom-69fb443b23d9f3375 .description-customize {color:#ffffff !important;}.gem-infotext.thegem-custom-69fb443b23d9f3375 a:hover .gem-infotext .description-customize {color:rgba(255,255,255,0.48) !important;}<\/style><div class=\"gem-infotext alignment-center thegem-custom-69fb443b23d9f3375\" style=\"\"> <div class=\"gem-infotext-wrap position--left vertical--center\"> <div class=\"gem-infotext-icon\"> <div class=\"gem-icon gem-simple-icon gem-icon-pack-fontawesome gem-icon-size-custom\"> <div class=\"gem-icon-inner\"><span class=\"gem-icon-half-1\"><span class=\"back-angle\">&#xf041;<\/span><\/span><span class=\"gem-icon-half-2\"><span class=\"back-angle\">&#xf041;<\/span><\/span><\/div> <\/div> <\/div> <div class=\"gem-infotext\"> <div class=\"gem-infotext__title\"> <div class=\"title-customize title-h5\" style=\"\"> GUAYAQUIL <\/div> <\/div> <div class=\"gem-infotext__description\"> <div class=\"description-customize text-body light\" style=\"\"> Provincia de Guayas<br \/>\nEcuador <\/div> <\/div> <\/div> <\/div> <\/div><div class=\"clearboth\"><\/div><style>#thegem-divider-69fb443b23e21 {margin-top: 115px !important;}@media screen and (max-width: 1023px) and (min-width: 768px) {#thegem-divider-69fb443b23e21 {margin-top: 30px !important;}}@media screen and (max-width: 767px) {#thegem-divider-69fb443b23e21 {margin-top: 30px !important;}}<\/style><div id=\"thegem-divider-69fb443b23e21\" class=\"gem-divider  \" style=\"\" ><\/div>[\/vc_column_inner][vc_column_inner width=\u00bb1\/2&#8243; disable_custom_paddings_mobile=\u00bbtrue\u00bb css=\u00bb.vc_custom_1750980127574{padding-right: 60px !important;padding-left: 60px !important;background-color: #7E91AE !important;}\u00bb background_color_tablet=\u00bb#0085bd\u00bb]<div class=\"clearboth\"><\/div><style>#thegem-divider-69fb443b23e53 {margin-top: 30px !important;}@media screen and (max-width: 767px) {#thegem-divider-69fb443b23e53 {display: none;}}<\/style><div id=\"thegem-divider-69fb443b23e53\" class=\"gem-divider  \" style=\"\" ><\/div>[vc_separator color=\u00bbwhite\u00bb align=\u00bbalign_left\u00bb el_width=\u00bb80&#8243; css=\u00bb.vc_custom_1690208338341{padding-top: 15px !important;padding-bottom: 15px !important;}\u00bb]<style>.thegem-custom-69fb443b23ea47252 .gem-icon-half-1 {color: #ffffff;}.thegem-custom-69fb443b23ea47252 .gem-icon-half-2 {color: #ffffff;}.thegem-custom-69fb443b23ea47252 .gem-icon-style-gradient .back-angle {background: linear-gradient( to bottom, #ffffff, ); -webkit-text-fill-color: transparent; -webkit-background-clip: text;}.thegem-custom-69fb443b23ea47252 .gem-icon  {font-size: 16px;}.thegem-custom-69fb443b23ea47252 .gem-icon:not(.gem-simple-icon) .gem-icon-inner {width: 24px; height: 24px; line-height: 24px;}.thegem-custom-69fb443b23ea47252 .gem-icon.gem-simple-icon {width: 16px; height: 16px; line-height: 16px;}.thegem-custom-69fb443b23ea47252 a:hover .gem-infotext-icon .gem-icon-half-1 {color: #00a7d1 !important;}.thegem-custom-69fb443b23ea47252 a:hover .gem-infotext-icon .gem-icon-half-2 {color: #00a7d1 !important;}.thegem-custom-69fb443b23ea47252 a:hover .gem-infotext-icon .gem-icon-style-gradient .back-angle {background: linear-gradient( to bottom, #00a7d1, ); -webkit-text-fill-color: transparent; -webkit-background-clip: text;}.gem-infotext.thegem-custom-69fb443b23ea47252 .gem-infotext-icon {margin-top:-2px !important;}.gem-infotext.thegem-custom-69fb443b23ea47252 .gem-infotext-icon {margin-right:8px !important;}.gem-infotext.thegem-custom-69fb443b23ea47252 .title-customize {color:#ffffff !important;}.gem-infotext.thegem-custom-69fb443b23ea47252 a:hover .gem-infotext .title-customize {color:#00a7c9 !important;}<\/style><div class=\"gem-infotext alignment-left thegem-custom-69fb443b23ea47252\" style=\"\"> <a href=\"http:\/\/www.tpg.com.ec\" target=\"_blank\" class=\"gem-infotext-wrap position--left vertical--center\" aria-label=\"Leer M\u00e1s\"> <div class=\"gem-infotext-icon\"> <div class=\"gem-icon gem-simple-icon gem-icon-pack-thegem-header gem-icon-size-custom\"> <div class=\"gem-icon-inner\"><span class=\"gem-icon-half-1\"><span class=\"back-angle\">&#xe741;<\/span><\/span><span class=\"gem-icon-half-2\"><span class=\"back-angle\">&#xe741;<\/span><\/span><\/div> <\/div> <\/div> <div class=\"gem-infotext\"> <div class=\"gem-infotext__title\"> <div class=\"title-customize text-body light\" style=\"\"> www.tpg.com.ec <\/div> <\/div> <\/div> <\/a> <\/div><div class=\"clearboth\"><\/div><style>#thegem-divider-69fb443b23f22 {margin-top: 15px !important;}<\/style><div id=\"thegem-divider-69fb443b23f22\" class=\"gem-divider  \" style=\"\" ><\/div><style>.thegem-custom-69fb443b23f674802 .gem-icon-half-1 {color: #ffffff;}.thegem-custom-69fb443b23f674802 .gem-icon-half-2 {color: #ffffff;}.thegem-custom-69fb443b23f674802 .gem-icon-style-gradient .back-angle {background: linear-gradient( to bottom, #ffffff, ); -webkit-text-fill-color: transparent; -webkit-background-clip: text;}.thegem-custom-69fb443b23f674802 .gem-icon  {font-size: 16px;}.thegem-custom-69fb443b23f674802 .gem-icon:not(.gem-simple-icon) .gem-icon-inner {width: 24px; height: 24px; line-height: 24px;}.thegem-custom-69fb443b23f674802 .gem-icon.gem-simple-icon {width: 16px; height: 16px; line-height: 16px;}.thegem-custom-69fb443b23f674802 a:hover .gem-infotext-icon .gem-icon-half-1 {color: #00a7d1 !important;}.thegem-custom-69fb443b23f674802 a:hover .gem-infotext-icon .gem-icon-half-2 {color: #00a7d1 !important;}.thegem-custom-69fb443b23f674802 a:hover .gem-infotext-icon .gem-icon-style-gradient .back-angle {background: linear-gradient( to bottom, #00a7d1, ); -webkit-text-fill-color: transparent; -webkit-background-clip: text;}.gem-infotext.thegem-custom-69fb443b23f674802 .gem-infotext-icon {margin-top:-2px !important;}.gem-infotext.thegem-custom-69fb443b23f674802 .gem-infotext-icon {margin-right:8px !important;}.gem-infotext.thegem-custom-69fb443b23f674802 .title-customize {color:#ffffff !important;}.gem-infotext.thegem-custom-69fb443b23f674802 a:hover .gem-infotext .title-customize {color:#00a7c9 !important;}<\/style><div class=\"gem-infotext alignment-left thegem-custom-69fb443b23f674802\" style=\"\"> <a href=\"mailto:servicioalcliente@tpg.com.ec\" target=\"_self\" class=\"gem-infotext-wrap position--left vertical--center\" aria-label=\"Leer M\u00e1s\"> <div class=\"gem-infotext-icon\"> <div class=\"gem-icon gem-simple-icon gem-icon-pack-fontawesome gem-icon-size-custom\"> <div class=\"gem-icon-inner\"><span class=\"gem-icon-half-1\"><span class=\"back-angle\">&#xf003;<\/span><\/span><span class=\"gem-icon-half-2\"><span class=\"back-angle\">&#xf003;<\/span><\/span><\/div> <\/div> <\/div> <div class=\"gem-infotext\"> <div class=\"gem-infotext__title\"> <div class=\"title-customize text-body light\" style=\"\"> servicioalcliente@tpg.com.ec <\/div> <\/div> <\/div> <\/a> <\/div><div class=\"clearboth\"><\/div><style>#thegem-divider-69fb443b23fdb {margin-top: 15px !important;}<\/style><div id=\"thegem-divider-69fb443b23fdb\" class=\"gem-divider  \" style=\"\" ><\/div><style>.thegem-custom-69fb443b24021900 .gem-icon-half-1 {color: #ffffff;}.thegem-custom-69fb443b24021900 .gem-icon-half-2 {color: #ffffff;}.thegem-custom-69fb443b24021900 .gem-icon-style-gradient .back-angle {background: linear-gradient( to bottom, #ffffff, ); -webkit-text-fill-color: transparent; -webkit-background-clip: text;}.thegem-custom-69fb443b24021900 .gem-icon  {font-size: 16px;}.thegem-custom-69fb443b24021900 .gem-icon:not(.gem-simple-icon) .gem-icon-inner {width: 24px; height: 24px; line-height: 24px;}.thegem-custom-69fb443b24021900 .gem-icon.gem-simple-icon {width: 16px; height: 16px; line-height: 16px;}.thegem-custom-69fb443b24021900 a:hover .gem-infotext-icon .gem-icon-half-1 {color: #00a7d1 !important;}.thegem-custom-69fb443b24021900 a:hover .gem-infotext-icon .gem-icon-half-2 {color: #00a7d1 !important;}.thegem-custom-69fb443b24021900 a:hover .gem-infotext-icon .gem-icon-style-gradient .back-angle {background: linear-gradient( to bottom, #00a7d1, ); -webkit-text-fill-color: transparent; -webkit-background-clip: text;}.gem-infotext.thegem-custom-69fb443b24021900 .gem-infotext-icon {margin-top:-2px !important;}.gem-infotext.thegem-custom-69fb443b24021900 .gem-infotext-icon {margin-right:8px !important;}.gem-infotext.thegem-custom-69fb443b24021900 .title-customize {color:#ffffff !important;}.gem-infotext.thegem-custom-69fb443b24021900 a:hover .gem-infotext .title-customize {color:#00a7c9 !important;}<\/style><div class=\"gem-infotext alignment-left thegem-custom-69fb443b24021900\" style=\"\"> <a href=\"https:\/\/www.linkedin.com\/company\/terminal-portuario-de-guayaquil-tpg\/\" target=\"_blank\" class=\"gem-infotext-wrap position--left vertical--center\" aria-label=\"Leer M\u00e1s\"> <div class=\"gem-infotext-icon\"> <div class=\"gem-icon gem-simple-icon gem-icon-pack-fontawesome gem-icon-size-custom\"> <div class=\"gem-icon-inner\"><span class=\"gem-icon-half-1\"><span class=\"back-angle\">&#xf08c;<\/span><\/span><span class=\"gem-icon-half-2\"><span class=\"back-angle\">&#xf08c;<\/span><\/span><\/div> <\/div> <\/div> <div class=\"gem-infotext\"> <div class=\"gem-infotext__title\"> <div class=\"title-customize text-body light\" style=\"\"> LinkedIn <\/div> <\/div> <\/div> <\/a> <\/div><div class=\"clearboth\"><\/div><style>#thegem-divider-69fb443b2408a {margin-top: 115px !important;}@media screen and (max-width: 1023px) and (min-width: 768px) {#thegem-divider-69fb443b2408a {margin-top: 30px !important;}}@media screen and (max-width: 767px) {#thegem-divider-69fb443b2408a {margin-top: 30px !important;}}<\/style><div id=\"thegem-divider-69fb443b2408a\" class=\"gem-divider  \" style=\"\" ><\/div>[\/vc_column_inner][\/vc_row_inner][\/vc_column][vc_column offset=\u00bbvc_col-lg-6 vc_col-md-12 vc_col-xs-12&#8243; css=\u00bb.vc_custom_1690207664487{padding-right: 120px !important;padding-left: 120px !important;}\u00bb tablet_padding_left=\u00bb20&#8243; tablet_padding_right=\u00bb20&#8243; mobile_padding_left=\u00bb20&#8243; mobile_padding_right=\u00bb20&#8243;][vc_row_inner][vc_column_inner offset=\u00bbvc_hidden-lg\u00bb]<div class=\"clearboth\"><\/div><style>#thegem-divider-69fb443b240c5 {margin-top: 50px !important;}<\/style><div id=\"thegem-divider-69fb443b240c5\" class=\"gem-divider  \" style=\"\" ><\/div>[\/vc_column_inner][\/vc_row_inner][vc_column_text]<strong>Es el principal terminal portuario de Ecuador, conocido por sus exportaciones de banano, camar\u00f3n y cacao, se especializa en el manejo de carga contenerizada, especialmente refrigerada, con un enfoque prominente en Asia, el Mediterr\u00e1neo y Am\u00e9rica del Sur y del Norte como principales destinos de carga.<\/strong><\/p>\n<p><span style=\"font-weight: 400;\">Est\u00e1 situado en Guayaquil, la capital econ\u00f3mica de Ecuador y la ciudad m\u00e1s grande y poblada del pa\u00eds, donde se concentran las principales industrias.<\/span>[\/vc_column_text][vc_row_inner css=\u00bb.vc_custom_1689029535457{margin-top: 20px !important;border-top-width: 1px !important;padding-top: 0px !important;border-top-color: #e2e2e2 !important;border-top-style: solid !important;}\u00bb][vc_column_inner width=\u00bb1\/2&#8243; css=\u00bb.vc_custom_1690208030162{padding-right: 0px !important;padding-left: 0px !important;}\u00bb offset=\u00bbvc_col-xs-6&#8243;][vc_btn title=\u00bbTerminal Portuario anterior\u00bb style=\u00bbflat\u00bb shape=\u00bbsquare\u00bb color=\u00bbwhite\u00bb size=\u00bbsm\u00bb align=\u00bbleft\u00bb i_icon_fontawesome=\u00bbfas fa-arrow-left\u00bb add_icon=\u00bbtrue\u00bb link=\u00bburl:https%3A%2F%2Flatinamerica.hanseaticglobalterminals.com%2Fes%2Fterminales-portuarios%2Fcaldera%2F|title:Caldera\u00bb][\/vc_column_inner][vc_column_inner width=\u00bb1\/2&#8243; css=\u00bb.vc_custom_1690208035632{padding-right: 0px !important;padding-left: 0px !important;}\u00bb offset=\u00bbvc_col-xs-6&#8243;][vc_btn title=\u00bbSiguiente Terminal Portuario\u00bb style=\u00bbflat\u00bb shape=\u00bbsquare\u00bb color=\u00bbwhite\u00bb size=\u00bbsm\u00bb align=\u00bbright\u00bb i_align=\u00bbright\u00bb i_icon_fontawesome=\u00bbfas fa-arrow-right\u00bb add_icon=\u00bbtrue\u00bb link=\u00bburl:https%3A%2F%2Flatinamerica.hanseaticglobalterminals.com%2Fes%2Fterminales-portuarios%2Fpbv%2F|title:PBV\u00bb][\/vc_column_inner][\/vc_row_inner][vc_row_inner][vc_column_inner offset=\u00bbvc_hidden-lg\u00bb]<div class=\"clearboth\"><\/div><style>#thegem-divider-69fb443b240ec {margin-top: 30px !important;}@media screen and (max-width: 767px) {#thegem-divider-69fb443b240ec {display: none;}}<\/style><div id=\"thegem-divider-69fb443b240ec\" class=\"gem-divider  \" style=\"\" ><\/div>[\/vc_column_inner][\/vc_row_inner][\/vc_column][\/vc_row][vc_row full_width=\u00bbstretch_row_content_no_spaces\u00bb equal_height=\u00bbyes\u00bb css=\u00bb.vc_custom_1750980462302{margin-top: 0px !important;margin-right: 0px !important;margin-bottom: -20px !important;margin-left: 0px !important;padding-top: 0px !important;padding-right: 0px !important;padding-bottom: 0px !important;padding-left: 0px !important;background-color: #F9FAFB !important;}\u00bb][vc_column width=\u00bb1\/4&#8243; css=\u00bb.vc_custom_1690238300969{background-image: url(https:\/\/latinamerica.hanseaticglobalterminals.com\/wp-content\/uploads\/2023\/07\/TPG-03.jpg?id=2529) !important;background-position: center !important;background-repeat: no-repeat !important;background-size: cover !important;}\u00bb]<div class=\"clearboth\"><\/div><style>#thegem-divider-69fb443b2410e {margin-top: 300px !important;}<\/style><div id=\"thegem-divider-69fb443b2410e\" class=\"gem-divider  \" style=\"\" ><\/div>[\/vc_column][vc_column width=\u00bb3\/4&#8243; css=\u00bb.vc_custom_1689027702983{padding-right: 5% !important;padding-left: 5% !important;}\u00bb][vc_row_inner css=\u00bb.vc_custom_1689027257537{padding-top: 50px !important;padding-bottom: 50px !important;}\u00bb][vc_column_inner width=\u00bb1\/6&#8243; offset=\u00bbvc_col-xs-6&#8243;]<div class=\"centered-box gem-image-centered-box\" ><div class=\"gem-image gem-wrapbox gem-wrapbox-style-14 gem-wrapbox-position-centered lazy-loading  thegem-custom-69fb443b241389245\"  style=\"width: 110px;height: 90px;\" ><div class=\"gem-wrapbox-inner  lazy-loading-item\"  data-ll-effect=\"move-up\"><img class=\"gem-wrapbox-element img-responsive\" src=\"https:\/\/latinamerica.hanseaticglobalterminals.com\/wp-content\/uploads\/2023\/07\/ICONOS-ports-02.png\" alt=\"\"\/><\/div><style type=\"text\/css\">.thegem-custom-69fb443b241389245.gem-image a:hover img {filter: brightness( 100% ) contrast( 100% ) saturate( 100% ) blur( 0px ) hue-rotate( 0deg );}<\/style><\/div><\/div>[vc_column_text]<\/p>\n<p style=\"text-align: center;\"><strong>Longitud del muelle<\/strong><\/p>\n<div class=\"styled-subtitle\" style=\"text-align: center;\"><span style=\"font-weight: 400;\">660 m<\/span><\/div>\n<p>[\/vc_column_text]<div class=\"clearboth\"><\/div><style>#thegem-divider-69fb443b24e5f {margin-top: 20px !important;}<\/style><div id=\"thegem-divider-69fb443b24e5f\" class=\"gem-divider  \" style=\"\" ><\/div>[\/vc_column_inner][vc_column_inner width=\u00bb1\/6&#8243; offset=\u00bbvc_col-xs-6&#8243;]<div class=\"centered-box gem-image-centered-box\" ><div class=\"gem-image gem-wrapbox gem-wrapbox-style-14 gem-wrapbox-position-centered lazy-loading  thegem-custom-69fb443b24e969354\"  style=\"width: 110px;height: 90px;\" ><div class=\"gem-wrapbox-inner  lazy-loading-item\"  data-ll-effect=\"move-up\"><img class=\"gem-wrapbox-element img-responsive\" src=\"https:\/\/latinamerica.hanseaticglobalterminals.com\/wp-content\/uploads\/2023\/07\/ICONOS-ports-04.png\" alt=\"\"\/><\/div><style type=\"text\/css\">.thegem-custom-69fb443b24e969354.gem-image a:hover img {filter: brightness( 100% ) contrast( 100% ) saturate( 100% ) blur( 0px ) hue-rotate( 0deg );}<\/style><\/div><\/div>[vc_column_text]<\/p>\n<p style=\"text-align: center;\"><strong>Dragado<\/strong><\/p>\n<div class=\"styled-subtitle\" style=\"text-align: center;\"><span style=\"font-weight: 400;\">13,7 m<\/span><\/div>\n<p>[\/vc_column_text]<div class=\"clearboth\"><\/div><style>#thegem-divider-69fb443b259bf {margin-top: 20px !important;}<\/style><div id=\"thegem-divider-69fb443b259bf\" class=\"gem-divider  \" style=\"\" ><\/div>[\/vc_column_inner][vc_column_inner width=\u00bb1\/6&#8243; offset=\u00bbvc_col-xs-6&#8243;]<div class=\"centered-box gem-image-centered-box\" ><div class=\"gem-image gem-wrapbox gem-wrapbox-style-14 gem-wrapbox-position-centered lazy-loading  thegem-custom-69fb443b25a015576\"  style=\"width: 110px;height: 90px;\" ><div class=\"gem-wrapbox-inner  lazy-loading-item\"  data-ll-effect=\"move-up\"><img class=\"gem-wrapbox-element img-responsive\" src=\"https:\/\/latinamerica.hanseaticglobalterminals.com\/wp-content\/uploads\/2023\/07\/ICONOS-ports-05.png\" alt=\"\"\/><\/div><style type=\"text\/css\">.thegem-custom-69fb443b25a015576.gem-image a:hover img {filter: brightness( 100% ) contrast( 100% ) saturate( 100% ) blur( 0px ) hue-rotate( 0deg );}<\/style><\/div><\/div>[vc_column_text]<\/p>\n<p style=\"text-align: center;\"><strong>Gr\u00faas de muelle<\/strong><\/p>\n<div class=\"styled-subtitle\" style=\"text-align: center;\"><span style=\"font-weight: 400;\">5,0x (STS)<\/span><\/div>\n<p>[\/vc_column_text]<div class=\"clearboth\"><\/div><style>#thegem-divider-69fb443b266d6 {margin-top: 20px !important;}<\/style><div id=\"thegem-divider-69fb443b266d6\" class=\"gem-divider  \" style=\"\" ><\/div>[\/vc_column_inner][vc_column_inner width=\u00bb1\/6&#8243; offset=\u00bbvc_col-xs-6&#8243;]<div class=\"centered-box gem-image-centered-box\" ><div class=\"gem-image gem-wrapbox gem-wrapbox-style-14 gem-wrapbox-position-centered lazy-loading  thegem-custom-69fb443b267052216\"  style=\"width: 110px;height: 90px;\" ><div class=\"gem-wrapbox-inner  lazy-loading-item\"  data-ll-effect=\"move-up\"><img class=\"gem-wrapbox-element img-responsive\" src=\"https:\/\/latinamerica.hanseaticglobalterminals.com\/wp-content\/uploads\/2023\/07\/ICONOS-ports-08.png\" alt=\"\"\/><\/div><style type=\"text\/css\">.thegem-custom-69fb443b267052216.gem-image a:hover img {filter: brightness( 100% ) contrast( 100% ) saturate( 100% ) blur( 0px ) hue-rotate( 0deg );}<\/style><\/div><\/div>[vc_column_text css=\u00bb\u00bb]<\/p>\n<p style=\"text-align: center;\"><strong>Capacidad<\/strong><\/p>\n<div class=\"styled-subtitle\" style=\"text-align: center;\">\n<p><span style=\"font-weight: 400;\">1.200.000 TEU<\/span><\/p>\n<\/div>\n<p>[\/vc_column_text]<div class=\"clearboth\"><\/div><style>#thegem-divider-69fb443b27440 {margin-top: 20px !important;}<\/style><div id=\"thegem-divider-69fb443b27440\" class=\"gem-divider  \" style=\"\" ><\/div>[\/vc_column_inner][vc_column_inner width=\u00bb1\/6&#8243; offset=\u00bbvc_col-xs-6&#8243;]<div class=\"centered-box gem-image-centered-box\" ><div class=\"gem-image gem-wrapbox gem-wrapbox-style-14 gem-wrapbox-position-centered lazy-loading  thegem-custom-69fb443b2746f7698\"  style=\"width: 110px;height: 90px;\" ><div class=\"gem-wrapbox-inner  lazy-loading-item\"  data-ll-effect=\"move-up\"><img class=\"gem-wrapbox-element img-responsive\" src=\"https:\/\/latinamerica.hanseaticglobalterminals.com\/wp-content\/uploads\/2023\/07\/ICONOS-ports-06.png\" alt=\"\"\/><\/div><style type=\"text\/css\">.thegem-custom-69fb443b2746f7698.gem-image a:hover img {filter: brightness( 100% ) contrast( 100% ) saturate( 100% ) blur( 0px ) hue-rotate( 0deg );}<\/style><\/div><\/div>[vc_column_text css=\u00bb\u00bb]<\/p>\n<div style=\"text-align: center;\">\n<p><strong>Rendimiento<\/strong><\/p>\n<p><span style=\"font-weight: 400;\">800.113 TEU <strong>2024<\/strong><br \/>\n<\/span><span style=\"font-weight: 400;\">9.024.819 Ton <strong>2024<\/strong><\/span><\/p>\n<\/div>\n<p>[\/vc_column_text]<div class=\"clearboth\"><\/div><style>#thegem-divider-69fb443b27f81 {margin-top: 20px !important;}<\/style><div id=\"thegem-divider-69fb443b27f81\" class=\"gem-divider  \" style=\"\" ><\/div>[\/vc_column_inner][vc_column_inner width=\u00bb1\/6&#8243; offset=\u00bbvc_col-xs-6&#8243;]<div class=\"centered-box gem-image-centered-box\" ><div class=\"gem-image gem-wrapbox gem-wrapbox-style-14 gem-wrapbox-position-centered lazy-loading  thegem-custom-69fb443b27fb21813\"  style=\"width: 110px;height: 90px;\" ><div class=\"gem-wrapbox-inner  lazy-loading-item\"  data-ll-effect=\"move-up\"><img class=\"gem-wrapbox-element img-responsive\" src=\"https:\/\/latinamerica.hanseaticglobalterminals.com\/wp-content\/uploads\/2023\/07\/porcentaje-TMAZ.png\" alt=\"\"\/><\/div><style type=\"text\/css\">.thegem-custom-69fb443b27fb21813.gem-image a:hover img {filter: brightness( 100% ) contrast( 100% ) saturate( 100% ) blur( 0px ) hue-rotate( 0deg );}<\/style><\/div><\/div>[vc_column_text]<\/p>\n<p style=\"text-align: center;\"><strong>Porcentaje de propiedad<\/strong><\/p>\n<div class=\"styled-subtitle\" style=\"text-align: center;\"><span style=\"font-weight: 400;\">100%<\/span><\/div>\n<p>[\/vc_column_text]<div class=\"clearboth\"><\/div><style>#thegem-divider-69fb443b28b7e {margin-top: 20px !important;}<\/style><div id=\"thegem-divider-69fb443b28b7e\" class=\"gem-divider  \" style=\"\" ><\/div>[\/vc_column_inner][\/vc_row_inner][\/vc_column][\/vc_row]<\/p>\n<\/div>","protected":false},"excerpt":{"rendered":"<p>[vc_row full_width=\u00bbstretch_row_content_no_spaces\u00bb equal_height=\u00bbyes\u00bb content_placement=\u00bbmiddle\u00bb custom_css_code=\u00bbJTQwbWVkaWElMjAlMjhtYXgtd2lkdGglM0ElMjAxMTk5cHglMjklN0IlMEElMjAlMjAlMjAlMjAlNDBpZC53cGJfcm93JTIwJTNFJTIwJTJBJTIwJTdCJTBBJTIwJTIwJTIwJTIwJTIwJTIwJTIwJTIwbWFyZ2luLXRvcCUzQSUyMDAlM0IlMEElMjAlMjAlMjAlMjAlN0QlMEElN0Q=\u00bb css=\u00bb.vc_custom_1587143829128{margin-bottom: 0px !important;}\u00bb][vc_column css_animation=\u00bbfadeIn\u00bb offset=\u00bbvc_col-lg-6 vc_col-md-12 vc_col-xs-12&#8243;][vc_row_inner equal_height=\u00bbyes\u00bb content_placement=\u00bbbottom\u00bb][vc_column_inner width=\u00bb1\/2&#8243; background_position_desktop=\u00bbcenter center\u00bb disable_custom_paddings_mobile=\u00bbtrue\u00bb css=\u00bb.vc_custom_1750980016712{padding-right: 60px&#8230;<\/p>\n","protected":false},"author":1,"featured_media":0,"parent":3283,"menu_order":0,"comment_status":"closed","ping_status":"closed","template":"","meta":{"footnotes":""},"class_list":["post-3305","page","type-page","status-publish"],"_links":{"self":[{"href":"https:\/\/latinamerica.hanseaticglobalterminals.com\/es\/wp-json\/wp\/v2\/pages\/3305","targetHints":{"allow":["GET"]}}],"collection":[{"href":"https:\/\/latinamerica.hanseaticglobalterminals.com\/es\/wp-json\/wp\/v2\/pages"}],"about":[{"href":"https:\/\/latinamerica.hanseaticglobalterminals.com\/es\/wp-json\/wp\/v2\/types\/page"}],"author":[{"embeddable":true,"href":"https:\/\/latinamerica.hanseaticglobalterminals.com\/es\/wp-json\/wp\/v2\/users\/1"}],"replies":[{"embeddable":true,"href":"https:\/\/latinamerica.hanseaticglobalterminals.com\/es\/wp-json\/wp\/v2\/comments?post=3305"}],"version-history":[{"count":10,"href":"https:\/\/latinamerica.hanseaticglobalterminals.com\/es\/wp-json\/wp\/v2\/pages\/3305\/revisions"}],"predecessor-version":[{"id":4963,"href":"https:\/\/latinamerica.hanseaticglobalterminals.com\/es\/wp-json\/wp\/v2\/pages\/3305\/revisions\/4963"}],"up":[{"embeddable":true,"href":"https:\/\/latinamerica.hanseaticglobalterminals.com\/es\/wp-json\/wp\/v2\/pages\/3283"}],"wp:attachment":[{"href":"https:\/\/latinamerica.hanseaticglobalterminals.com\/es\/wp-json\/wp\/v2\/media?parent=3305"}],"curies":[{"name":"wp","href":"https:\/\/api.w.org\/{rel}","templated":true}]}}