{"id":3169,"date":"2023-07-25T17:19:34","date_gmt":"2023-07-25T17:19:34","guid":{"rendered":"https:\/\/latinamerica.hanseaticglobalterminals.com\/esg-reporting-and-resources\/"},"modified":"2025-08-20T19:23:31","modified_gmt":"2025-08-20T19:23:31","slug":"reportes-y-recursos-esg","status":"publish","type":"page","link":"https:\/\/latinamerica.hanseaticglobalterminals.com\/es\/reportes-y-recursos-esg\/","title":{"rendered":"Reportes y recursos ESG"},"content":{"rendered":"<div class=\"wpb-content-wrapper\"><p>[vc_row css=\u00bb.vc_custom_1511178027038{margin-bottom: 0px !important;}\u00bb][vc_column]<div class=\"clearboth\"><\/div><style>#thegem-divider-69de2e6e2458b {margin-top: 60px !important;}<\/style><div id=\"thegem-divider-69de2e6e2458b\" class=\"gem-divider  \" style=\"\" ><\/div>[\/vc_column][\/vc_row][vc_row content_placement=\u00bbtop\u00bb][vc_column width=\u00bb1\/5&#8243;]<div class=\"gem-list\" ><ul>\n<li><a href=\"https:\/\/latinamerica.hanseaticglobalterminals.com\/es\/sostenibilidad\/\">Sostenibilidad<\/a><\/li>\n<li><a href=\"https:\/\/latinamerica.hanseaticglobalterminals.com\/es\/medioambiente\/\">Medioambiente<\/a><\/li>\n<li><a href=\"https:\/\/latinamerica.hanseaticglobalterminals.com\/es\/personas\/\">Social<\/a><\/li>\n<\/ul>\n<p style=\"padding-left: 40px;\"><a href=\"https:\/\/latinamerica.hanseaticglobalterminals.com\/es\/personas\/\">Personas<\/a><br \/>\n<a href=\"https:\/\/latinamerica.hanseaticglobalterminals.com\/es\/comunidad-y-grupos-de-interes\/\">Comunidad<\/a><br \/>\n<a href=\"https:\/\/latinamerica.hanseaticglobalterminals.com\/es\/cadena-de-suministro\/\">Cadena de Suministro<\/a><\/p>\n<ul>\n<li><a href=\"https:\/\/latinamerica.hanseaticglobalterminals.com\/es\/compliance\/\">Compliance<\/a><\/li>\n<li><a href=\"https:\/\/latinamerica.hanseaticglobalterminals.com\/es\/experiencias-destacadas\/\">Experiencias Destacadas<\/a><\/li>\n<li><a href=\"https:\/\/latinamerica.hanseaticglobalterminals.com\/es\/reportes-y-recursos-esg\/\">Reportes y recursos ESG<\/a><\/li>\n<\/ul>\n<\/div>[\/vc_column][vc_column width=\u00bb4\/5&#8243;][vc_column_text css=\u00bb\u00bb]<\/p>\n<h4><span style=\"font-weight: 400;\">Pol\u00edticas y est\u00e1ndares\u00a0<\/span><\/h4>\n<p>Hanseatic Global Terminals Latin America est\u00e1 comprometido con pr\u00e1cticas empresariales responsables en todos los aspectos de su actividad. Encuentra aqu\u00ed las principales pol\u00edticas, c\u00f3digos y documentos que describen y son el marco de su actuar.[\/vc_column_text]<div class=\"clearboth\"><\/div><style>#thegem-divider-69de2e6e24727 {margin-top: 45px !important;}<\/style><div id=\"thegem-divider-69de2e6e24727\" class=\"gem-divider  \" style=\"\" ><\/div>[vc_column_text]<\/p>\n<h5>C\u00f3digos<\/h5>\n<p>[\/vc_column_text][vc_row_inner equal_height=\u00bbyes\u00bb content_placement=\u00bbtop\u00bb][vc_column_inner width=\u00bb1\/4&#8243;][vc_icon type=\u00bblinecons\u00bb icon_linecons=\u00bbvc_li vc_li-clip\u00bb color=\u00bbcustom\u00bb css=\u00bb\u00bb custom_color=\u00bb#68BFAD\u00bb][vc_column_text]<\/p>\n<h6><strong>C\u00f3digo de \u00c9tica<\/strong><\/h6>\n<p>[\/vc_column_text]<style type=\"text\/css\">.thegem-button-69de2e6e247c2320 .gem-button svg {fill: #222A36;}.thegem-button-69de2e6e247c2320 .gem-button:hover svg {fill: #FFFFFF;}<\/style><div class=\"gem-button-container gem-button-position-left thegem-button-69de2e6e247c2320    \"  ><a class=\"gem-button gem-button-size-small gem-button-style-outline gem-button-text-weight-normal gem-button-border-1  gem-button-flex\" data-ll-effect=\"drop-right-without-wrap\" style=\"border-radius: 15px;border-color: #222A36;color: #222A36;\" onmouseleave=\"this.style.borderColor='#222A36';this.style.backgroundColor='transparent';this.style.color='#222A36';\" onmouseenter=\"this.style.borderColor='#222A36';this.style.backgroundColor='#222A36';this.style.color='#FFFFFF';\" href=\"https:\/\/latinamerica.hanseaticglobalterminals.com\/wp-content\/uploads\/2025\/08\/01.-Codigo-de-Etica.pdf\" target=\"_blank\"><span class=\"gem-button-text title-h5\">Descargar Aqu\u00ed<\/span><\/a><\/div> [\/vc_column_inner][vc_column_inner width=\u00bb1\/4&#8243;][vc_icon type=\u00bblinecons\u00bb icon_linecons=\u00bbvc_li vc_li-clip\u00bb color=\u00bbcustom\u00bb css=\u00bb\u00bb custom_color=\u00bb#68BFAD\u00bb][vc_column_text css=\u00bb\u00bb]<\/p>\n<h6><strong>C\u00f3digo de Relaci\u00f3n con Proveedores<\/strong><\/h6>\n<p>[\/vc_column_text]<style type=\"text\/css\">.thegem-button-69de2e6e248424917 .gem-button svg {fill: #222A36;}.thegem-button-69de2e6e248424917 .gem-button:hover svg {fill: #FFFFFF;}<\/style><div class=\"gem-button-container gem-button-position-left thegem-button-69de2e6e248424917    \"  ><a class=\"gem-button gem-button-size-small gem-button-style-outline gem-button-text-weight-normal gem-button-border-1  gem-button-flex\" data-ll-effect=\"drop-right-without-wrap\" style=\"border-radius: 15px;border-color: #222A36;color: #222A36;\" onmouseleave=\"this.style.borderColor='#222A36';this.style.backgroundColor='transparent';this.style.color='#222A36';\" onmouseenter=\"this.style.borderColor='#222A36';this.style.backgroundColor='#222A36';this.style.color='#FFFFFF';\" href=\"https:\/\/latinamerica.hanseaticglobalterminals.com\/wp-content\/uploads\/2025\/08\/02.-Codigo-de-relacion-con-proveedores.pdf\" target=\"_blank\"><span class=\"gem-button-text title-h5\">Descargar Aqu\u00ed<\/span><\/a><\/div> [\/vc_column_inner][vc_column_inner width=\u00bb1\/4&#8243;][\/vc_column_inner][vc_column_inner width=\u00bb1\/4&#8243;][\/vc_column_inner][\/vc_row_inner]<div class=\"clearboth\"><\/div><style>#thegem-divider-69de2e6e2487b {margin-top: 45px !important;}<\/style><div id=\"thegem-divider-69de2e6e2487b\" class=\"gem-divider  \" style=\"\" ><\/div>[vc_column_text]<\/p>\n<h5>Pol\u00edticas<\/h5>\n<p>[\/vc_column_text][vc_row_inner equal_height=\u00bbyes\u00bb content_placement=\u00bbtop\u00bb][vc_column_inner width=\u00bb1\/4&#8243;][vc_icon type=\u00bblinecons\u00bb icon_linecons=\u00bbvc_li vc_li-clip\u00bb color=\u00bbcustom\u00bb css=\u00bb\u00bb custom_color=\u00bb#68BFAD\u00bb][vc_column_text css=\u00bb\u00bb]<\/p>\n<h6><strong>Pol\u00edtica de Sostenibilidad<\/strong><\/h6>\n<p>[\/vc_column_text]<style type=\"text\/css\">.thegem-button-69de2e6e248fb7289 .gem-button svg {fill: #222A36;}.thegem-button-69de2e6e248fb7289 .gem-button:hover svg {fill: #FFFFFF;}<\/style><div class=\"gem-button-container gem-button-position-left thegem-button-69de2e6e248fb7289    \"  ><a class=\"gem-button gem-button-size-small gem-button-style-outline gem-button-text-weight-normal gem-button-border-1  gem-button-flex\" data-ll-effect=\"drop-right-without-wrap\" style=\"border-radius: 15px;border-color: #222A36;color: #222A36;\" onmouseleave=\"this.style.borderColor='#222A36';this.style.backgroundColor='transparent';this.style.color='#222A36';\" onmouseenter=\"this.style.borderColor='#222A36';this.style.backgroundColor='#222A36';this.style.color='#FFFFFF';\" href=\"https:\/\/latinamerica.hanseaticglobalterminals.com\/wp-content\/uploads\/2025\/08\/04.-Politica_Sostenibilidad.pdf\" target=\"_blank\"><span class=\"gem-button-text title-h5\">Descargar Aqu\u00ed<\/span><\/a><\/div> [\/vc_column_inner][vc_column_inner width=\u00bb1\/4&#8243;][vc_icon type=\u00bblinecons\u00bb icon_linecons=\u00bbvc_li vc_li-clip\u00bb color=\u00bbcustom\u00bb css=\u00bb\u00bb custom_color=\u00bb#68BFAD\u00bb][vc_column_text css=\u00bb\u00bb]<\/p>\n<h6><strong>Pol\u00edtica Ambiental<\/strong><\/h6>\n<p>[\/vc_column_text]<style type=\"text\/css\">.thegem-button-69de2e6e249654880 .gem-button svg {fill: #222A36;}.thegem-button-69de2e6e249654880 .gem-button:hover svg {fill: #FFFFFF;}<\/style><div class=\"gem-button-container gem-button-position-left thegem-button-69de2e6e249654880    \"  ><a class=\"gem-button gem-button-size-small gem-button-style-outline gem-button-text-weight-normal gem-button-border-1  gem-button-flex\" data-ll-effect=\"drop-right-without-wrap\" style=\"border-radius: 15px;border-color: #222A36;color: #222A36;\" onmouseleave=\"this.style.borderColor='#222A36';this.style.backgroundColor='transparent';this.style.color='#222A36';\" onmouseenter=\"this.style.borderColor='#222A36';this.style.backgroundColor='#222A36';this.style.color='#FFFFFF';\" href=\"https:\/\/latinamerica.hanseaticglobalterminals.com\/wp-content\/uploads\/2025\/08\/03.-Politica-Ambiental.pdf\" target=\"_blank\"><span class=\"gem-button-text title-h5\">Descargar Aqu\u00ed<\/span><\/a><\/div> [\/vc_column_inner][vc_column_inner width=\u00bb1\/4&#8243;][vc_icon type=\u00bblinecons\u00bb icon_linecons=\u00bbvc_li vc_li-clip\u00bb color=\u00bbcustom\u00bb css=\u00bb\u00bb custom_color=\u00bb#68BFAD\u00bb][vc_column_text css=\u00bb\u00bb]<\/p>\n<h6><strong>Pol\u00edtica de Inclusi\u00f3n y Diversidad<\/strong><\/h6>\n<p>[\/vc_column_text]<style type=\"text\/css\">.thegem-button-69de2e6e249d07006 .gem-button svg {fill: #222A36;}.thegem-button-69de2e6e249d07006 .gem-button:hover svg {fill: #FFFFFF;}<\/style><div class=\"gem-button-container gem-button-position-left thegem-button-69de2e6e249d07006    \"  ><a class=\"gem-button gem-button-size-small gem-button-style-outline gem-button-text-weight-normal gem-button-border-1  gem-button-flex\" data-ll-effect=\"drop-right-without-wrap\" style=\"border-radius: 15px;border-color: #222A36;color: #222A36;\" onmouseleave=\"this.style.borderColor='#222A36';this.style.backgroundColor='transparent';this.style.color='#222A36';\" onmouseenter=\"this.style.borderColor='#222A36';this.style.backgroundColor='#222A36';this.style.color='#FFFFFF';\" href=\"https:\/\/latinamerica.hanseaticglobalterminals.com\/wp-content\/uploads\/2025\/08\/05.-Politica-de-Diversidad-e-Inclusion.pdf\" target=\"_blank\"><span class=\"gem-button-text title-h5\">Descargar Aqu\u00ed<\/span><\/a><\/div> [\/vc_column_inner][\/vc_row_inner]<div class=\"clearboth\"><\/div><style>#thegem-divider-69de2e6e24a05 {margin-top: 45px !important;}<\/style><div id=\"thegem-divider-69de2e6e24a05\" class=\"gem-divider  \" style=\"\" ><\/div>[vc_column_text]<\/p>\n<h5>Otros documentos del Programa de Cumplimiento<\/h5>\n<p>[\/vc_column_text][vc_row_inner equal_height=\u00bbyes\u00bb content_placement=\u00bbtop\u00bb][vc_column_inner width=\u00bb1\/5&#8243;][vc_icon type=\u00bblinecons\u00bb icon_linecons=\u00bbvc_li vc_li-clip\u00bb color=\u00bbcustom\u00bb css=\u00bb\u00bb custom_color=\u00bb#68BFAD\u00bb][vc_column_text css=\u00bb\u00bb]<\/p>\n<h6><strong>Programa de Cumplimiento<\/strong><\/h6>\n<p>[\/vc_column_text]<style type=\"text\/css\">.thegem-button-69de2e6e24a5d872 .gem-button svg {fill: #222A36;}.thegem-button-69de2e6e24a5d872 .gem-button:hover svg {fill: #FFFFFF;}<\/style><div class=\"gem-button-container gem-button-position-left thegem-button-69de2e6e24a5d872    \"  ><a class=\"gem-button gem-button-size-small gem-button-style-outline gem-button-text-weight-normal gem-button-border-1  gem-button-flex\" data-ll-effect=\"drop-right-without-wrap\" style=\"border-radius: 15px;border-color: #222A36;color: #222A36;\" onmouseleave=\"this.style.borderColor='#222A36';this.style.backgroundColor='transparent';this.style.color='#222A36';\" onmouseenter=\"this.style.borderColor='#222A36';this.style.backgroundColor='#222A36';this.style.color='#FFFFFF';\" href=\"https:\/\/latinamerica.hanseaticglobalterminals.com\/wp-content\/uploads\/2025\/08\/09.-Manual-Programa-de-Cumplimiento.pdf\" target=\"_blank\"><span class=\"gem-button-text title-h5\">Descargar Aqu\u00ed<\/span><\/a><\/div> [\/vc_column_inner][vc_column_inner width=\u00bb1\/5&#8243;][vc_icon type=\u00bblinecons\u00bb icon_linecons=\u00bbvc_li vc_li-clip\u00bb color=\u00bbcustom\u00bb css=\u00bb\u00bb custom_color=\u00bb#68BFAD\u00bb][vc_column_text css=\u00bb\u00bb]<\/p>\n<h6><strong>Gu\u00eda de Buenas Pr\u00e1cticas &#8211; Gesti\u00f3n de Cumplimiento de Libre Competencia<\/strong><\/h6>\n<p>[\/vc_column_text]<style type=\"text\/css\">.thegem-button-69de2e6e24ac01642 .gem-button svg {fill: #222A36;}.thegem-button-69de2e6e24ac01642 .gem-button:hover svg {fill: #FFFFFF;}<\/style><div class=\"gem-button-container gem-button-position-left thegem-button-69de2e6e24ac01642    \"  ><a class=\"gem-button gem-button-size-small gem-button-style-outline gem-button-text-weight-normal gem-button-border-1  gem-button-flex\" data-ll-effect=\"drop-right-without-wrap\" style=\"border-radius: 15px;border-color: #222A36;color: #222A36;\" onmouseleave=\"this.style.borderColor='#222A36';this.style.backgroundColor='transparent';this.style.color='#222A36';\" onmouseenter=\"this.style.borderColor='#222A36';this.style.backgroundColor='#222A36';this.style.color='#FFFFFF';\" href=\"https:\/\/latinamerica.hanseaticglobalterminals.com\/wp-content\/uploads\/2025\/08\/08.-Guia-de-Buenas-Practicas_Libre-Competencia.pdf\" target=\"_blank\"><span class=\"gem-button-text title-h5\">Descargar Aqu\u00ed<\/span><\/a><\/div> [\/vc_column_inner][vc_column_inner width=\u00bb1\/5&#8243;][vc_icon type=\u00bblinecons\u00bb icon_linecons=\u00bbvc_li vc_li-clip\u00bb color=\u00bbcustom\u00bb css=\u00bb\u00bb custom_color=\u00bb#68BFAD\u00bb][vc_column_text css=\u00bb\u00bb]<\/p>\n<h6><strong>Gu\u00eda de Buenas Pr\u00e1cticas &#8211; Aportes Comunitarios<\/strong><\/h6>\n<p>[\/vc_column_text]<style type=\"text\/css\">.thegem-button-69de2e6e24b208123 .gem-button svg {fill: #222A36;}.thegem-button-69de2e6e24b208123 .gem-button:hover svg {fill: #FFFFFF;}<\/style><div class=\"gem-button-container gem-button-position-left thegem-button-69de2e6e24b208123    \"  ><a class=\"gem-button gem-button-size-small gem-button-style-outline gem-button-text-weight-normal gem-button-border-1  gem-button-flex\" data-ll-effect=\"drop-right-without-wrap\" style=\"border-radius: 15px;border-color: #222A36;color: #222A36;\" onmouseleave=\"this.style.borderColor='#222A36';this.style.backgroundColor='transparent';this.style.color='#222A36';\" onmouseenter=\"this.style.borderColor='#222A36';this.style.backgroundColor='#222A36';this.style.color='#FFFFFF';\" href=\"https:\/\/latinamerica.hanseaticglobalterminals.com\/wp-content\/uploads\/2025\/08\/10.-Guia-Buenas-Practicas_Aportes-Comunitarios.pdf\" target=\"_blank\"><span class=\"gem-button-text title-h5\">Descargar Aqu\u00ed<\/span><\/a><\/div> [\/vc_column_inner][vc_column_inner width=\u00bb1\/5&#8243;][vc_icon type=\u00bblinecons\u00bb icon_linecons=\u00bbvc_li vc_li-clip\u00bb color=\u00bbcustom\u00bb css=\u00bb\u00bb custom_color=\u00bb#68BFAD\u00bb][vc_column_text css=\u00bb\u00bb]<\/p>\n<h6><strong>Gui\u0301a Buenas Pra\u0301cticas de recepcio\u0301n y entrega de regalos<\/strong><\/h6>\n<p>[\/vc_column_text]<style type=\"text\/css\">.thegem-button-69de2e6e24b805079 .gem-button svg {fill: #222A36;}.thegem-button-69de2e6e24b805079 .gem-button:hover svg {fill: #FFFFFF;}<\/style><div class=\"gem-button-container gem-button-position-left thegem-button-69de2e6e24b805079    \"  ><a class=\"gem-button gem-button-size-small gem-button-style-outline gem-button-text-weight-normal gem-button-border-1  gem-button-flex\" data-ll-effect=\"drop-right-without-wrap\" style=\"border-radius: 15px;border-color: #222A36;color: #222A36;\" onmouseleave=\"this.style.borderColor='#222A36';this.style.backgroundColor='transparent';this.style.color='#222A36';\" onmouseenter=\"this.style.borderColor='#222A36';this.style.backgroundColor='#222A36';this.style.color='#FFFFFF';\" href=\"https:\/\/latinamerica.hanseaticglobalterminals.com\/wp-content\/uploads\/2025\/08\/07.-Guia-Buenas-Practicas_recepcion-y-entrega-regalos.pdf\" target=\"_blank\"><span class=\"gem-button-text title-h5\">Descargar Aqu\u00ed<\/span><\/a><\/div> [\/vc_column_inner][vc_column_inner width=\u00bb1\/5&#8243;][vc_icon type=\u00bblinecons\u00bb icon_linecons=\u00bbvc_li vc_li-clip\u00bb color=\u00bbcustom\u00bb css=\u00bb\u00bb custom_color=\u00bb#68BFAD\u00bb][vc_column_text css=\u00bb\u00bb]<\/p>\n<h6><strong>Gu\u00eda de Buenas Pr\u00e1cticas &#8211; Relacionamiento con funcionarios p\u00fablicos y personas expuestas pol\u00edticamente<\/strong><\/h6>\n<p>[\/vc_column_text]<style type=\"text\/css\">.thegem-button-69de2e6e24bde8132 .gem-button svg {fill: #222A36;}.thegem-button-69de2e6e24bde8132 .gem-button:hover svg {fill: #FFFFFF;}<\/style><div class=\"gem-button-container gem-button-position-left thegem-button-69de2e6e24bde8132    \"  ><a class=\"gem-button gem-button-size-small gem-button-style-outline gem-button-text-weight-normal gem-button-border-1  gem-button-flex\" data-ll-effect=\"drop-right-without-wrap\" style=\"border-radius: 15px;border-color: #222A36;color: #222A36;\" onmouseleave=\"this.style.borderColor='#222A36';this.style.backgroundColor='transparent';this.style.color='#222A36';\" onmouseenter=\"this.style.borderColor='#222A36';this.style.backgroundColor='#222A36';this.style.color='#FFFFFF';\" href=\"https:\/\/latinamerica.hanseaticglobalterminals.com\/wp-content\/uploads\/2025\/08\/06.-Guia-de-Buenas-Practicas_Relacionamiento-con-FP-y-PEP.pdf\" target=\"_blank\"><span class=\"gem-button-text title-h5\">Descargar Aqu\u00ed<\/span><\/a><\/div> [\/vc_column_inner][\/vc_row_inner]<div class=\"clearboth\"><\/div><style>#thegem-divider-69de2e6e24c0e {margin-top: 45px !important;}<\/style><div id=\"thegem-divider-69de2e6e24c0e\" class=\"gem-divider  \" style=\"\" ><\/div>[\/vc_column][\/vc_row]<\/p>\n<\/div>","protected":false},"excerpt":{"rendered":"<p>[vc_row css=\u00bb.vc_custom_1511178027038{margin-bottom: 0px !important;}\u00bb][vc_column][\/vc_column][\/vc_row][vc_row content_placement=\u00bbtop\u00bb][vc_column width=\u00bb1\/5&#8243;][\/vc_column][vc_column width=\u00bb4\/5&#8243;][vc_column_text css=\u00bb\u00bb] Pol\u00edticas y est\u00e1ndares\u00a0 Hanseatic Global Terminals Latin America est\u00e1 comprometido con pr\u00e1cticas&#8230;<\/p>\n","protected":false},"author":1,"featured_media":0,"parent":0,"menu_order":0,"comment_status":"closed","ping_status":"closed","template":"","meta":{"footnotes":""},"class_list":["post-3169","page","type-page","status-publish"],"_links":{"self":[{"href":"https:\/\/latinamerica.hanseaticglobalterminals.com\/es\/wp-json\/wp\/v2\/pages\/3169","targetHints":{"allow":["GET"]}}],"collection":[{"href":"https:\/\/latinamerica.hanseaticglobalterminals.com\/es\/wp-json\/wp\/v2\/pages"}],"about":[{"href":"https:\/\/latinamerica.hanseaticglobalterminals.com\/es\/wp-json\/wp\/v2\/types\/page"}],"author":[{"embeddable":true,"href":"https:\/\/latinamerica.hanseaticglobalterminals.com\/es\/wp-json\/wp\/v2\/users\/1"}],"replies":[{"embeddable":true,"href":"https:\/\/latinamerica.hanseaticglobalterminals.com\/es\/wp-json\/wp\/v2\/comments?post=3169"}],"version-history":[{"count":26,"href":"https:\/\/latinamerica.hanseaticglobalterminals.com\/es\/wp-json\/wp\/v2\/pages\/3169\/revisions"}],"predecessor-version":[{"id":5287,"href":"https:\/\/latinamerica.hanseaticglobalterminals.com\/es\/wp-json\/wp\/v2\/pages\/3169\/revisions\/5287"}],"wp:attachment":[{"href":"https:\/\/latinamerica.hanseaticglobalterminals.com\/es\/wp-json\/wp\/v2\/media?parent=3169"}],"curies":[{"name":"wp","href":"https:\/\/api.w.org\/{rel}","templated":true}]}}