{"id":3117,"date":"2023-07-24T19:11:37","date_gmt":"2023-07-24T19:11:37","guid":{"rendered":"https:\/\/latinamerica.hanseaticglobalterminals.com\/supply-chain\/"},"modified":"2025-08-20T22:37:06","modified_gmt":"2025-08-20T22:37:06","slug":"cadena-de-suministro","status":"publish","type":"page","link":"https:\/\/latinamerica.hanseaticglobalterminals.com\/es\/cadena-de-suministro\/","title":{"rendered":"Cadena de Suministro"},"content":{"rendered":"<div class=\"wpb-content-wrapper\"><p>[vc_row css=\u00bb.vc_custom_1511178027038{margin-bottom: 0px !important;}\u00bb][vc_column]<div class=\"clearboth\"><\/div><style>#thegem-divider-69de2d0b7c1b9 {margin-top: 60px !important;}<\/style><div id=\"thegem-divider-69de2d0b7c1b9\" class=\"gem-divider  \" style=\"\" ><\/div>[\/vc_column][\/vc_row][vc_row el_id=\u00bbpeople\u00bb][vc_column width=\u00bb1\/5&#8243;]<div class=\"gem-list\" ><ul>\n<li><a href=\"https:\/\/latinamerica.hanseaticglobalterminals.com\/es\/sostenibilidad\/\">Sostenibilidad<\/a><\/li>\n<li><a href=\"https:\/\/latinamerica.hanseaticglobalterminals.com\/es\/medioambiente\/\">Medioambiente<\/a><\/li>\n<li><a href=\"https:\/\/latinamerica.hanseaticglobalterminals.com\/es\/personas\/\">Social<\/a><\/li>\n<\/ul>\n<p style=\"padding-left: 40px;\"><a href=\"https:\/\/latinamerica.hanseaticglobalterminals.com\/es\/personas\/\">Personas<\/a><br \/>\n<a href=\"https:\/\/latinamerica.hanseaticglobalterminals.com\/es\/comunidad-y-grupos-de-interes\/\">Comunidad<\/a><br \/>\n<a href=\"https:\/\/latinamerica.hanseaticglobalterminals.com\/es\/cadena-de-suministro\/\">Cadena de Suministro<\/a><\/p>\n<ul>\n<li><a href=\"https:\/\/latinamerica.hanseaticglobalterminals.com\/es\/compliance\/\">Compliance<\/a><\/li>\n<li><a href=\"https:\/\/latinamerica.hanseaticglobalterminals.com\/es\/experiencias-destacadas\/\">Experiencias Destacadas<\/a><\/li>\n<li><a href=\"https:\/\/latinamerica.hanseaticglobalterminals.com\/es\/reportes-y-recursos-esg\/\">Reportes y recursos ESG<\/a><\/li>\n<\/ul>\n<\/div>[\/vc_column][vc_column width=\u00bb4\/5&#8243;][vc_column_text css=\u00bb\u00bb]<\/p>\n<div class=\"title-h2\" style=\"text-align: left; margin-bottom: 20px;\">Cadena de Suministro<\/div>\n<div style=\"width: 55px; height: 3px; background: #FF6600; text-indent: 9999px;\">1<\/div>\n<p>[\/vc_column_text][vc_column_text css=\u00bb\u00bb]<\/p>\n<div class=\"styled-subtitle\" style=\"max-width: 980px; margin: auto; text-align: left;\">Contar con una cadena de valor responsable y sostenible es una ventaja competitiva tanto para Hanseatic Global Terminals Latin America como para sus proveedores, contratistas, subcontratistas y socios de negocios. La entrega de valor y un servicio de calidad a sus clientes es un compromiso para la compa\u00f1\u00eda, y como tal, los proveedores son actores clave para respaldarlo.<\/div>\n<p>[\/vc_column_text]<div class=\"clearboth\"><\/div><style>#thegem-divider-69de2d0b7c355 {margin-top: 45px !important;}<\/style><div id=\"thegem-divider-69de2d0b7c355\" class=\"gem-divider  \" style=\"\" ><\/div>[vc_row_inner equal_height=\u00bbyes\u00bb content_placement=\u00bbmiddle\u00bb][vc_column_inner width=\u00bb2\/3&#8243;][vc_column_text css=\u00bb\u00bb]Por ello, la transparencia, igualdad de oportunidades, comunicaci\u00f3n abierta y competitividad en los procesos de selecci\u00f3n y contrataci\u00f3n de proveedores, son parte integral de la gesti\u00f3n de la cadena de suministro en Hanseatic Global Terminals Latin America. Adem\u00e1s, la compa\u00f1\u00eda eval\u00faa el desempe\u00f1o de los proveedores, basados en est\u00e1ndares y criterios previamente establecidos, que supongan una mejora continua para las partes.[\/vc_column_text][\/vc_column_inner][vc_column_inner width=\u00bb1\/3&#8243; css=\u00bb.vc_custom_1689977929464{padding-left: 30px !important;}\u00bb][vc_single_image image=\u00bb2965&#8243; img_size=\u00bbfull\u00bb style=\u00bbvc_box_circle_2&#8243;][\/vc_column_inner][\/vc_row_inner]<div class=\"clearboth\"><\/div><style>#thegem-divider-69de2d0b7c387 {margin-top: 45px !important;}<\/style><div id=\"thegem-divider-69de2d0b7c387\" class=\"gem-divider  \" style=\"\" ><\/div>[vc_column_text css=\u00bb\u00bb]<\/p>\n<h4><span style=\"font-weight: 400;\">Vinculaci\u00f3n con proveedores<\/span><\/h4>\n<p><span style=\"font-weight: 400;\">Hanseatic Global Terminals Latin America busca que sus proveedores y contratistas conozcan y compartan los valores de la compa\u00f1\u00eda, gestionando sus negocios de manera \u00e9tica, legal y socialmente responsable. Por ello, cuenta con un <\/span><strong><a href=\"https:\/\/latinamerica.hanseaticglobalterminals.com\/wp-content\/uploads\/2025\/08\/02.-Codigo-de-relacion-con-proveedores.pdf\" target=\"_blank\" rel=\"noopener\">C\u00f3digo de Relaci\u00f3n con Proveedores<\/a><\/strong>, con el objetivo de entregar un marco compartido respecto de los principios, mecanismos y dispositivos para establecer una adecuada relaci\u00f3n.<b><br \/>\n<\/b><\/p>\n<p><span style=\"font-weight: 400;\">La elecci\u00f3n y contrataci\u00f3n de proveedores y contratistas se rige por directrices y pol\u00edticas que buscan alinear requerimientos t\u00e9cnicos, ambientales, fiscales, econ\u00f3micos, legales y valores \u00e9ticos, as\u00ed como laborales y previsionales, que resulten aplicables y den cumplimento a la legislaci\u00f3n vigente donde operan. En tal sentido, tambi\u00e9n opera el <\/span><a href=\"https:\/\/latinamerica.hanseaticglobalterminals.com\/wp-content\/uploads\/2025\/08\/01.-Codigo-de-Etica.pdf\" target=\"_blank\" rel=\"noopener\"><span style=\"font-weight: 400;\"><strong>C\u00f3digo de \u00c9tica<\/strong><\/span><\/a> <span style=\"font-weight: 400;\">de la empresa.<br \/>\n<\/span>[\/vc_column_text]<div class=\"clearboth\"><\/div><style>#thegem-divider-69de2d0b7c3b1 {margin-top: 45px !important;}<\/style><div id=\"thegem-divider-69de2d0b7c3b1\" class=\"gem-divider  \" style=\"\" ><\/div>[\/vc_column][\/vc_row][vc_row content_placement=\u00bbtop\u00bb][vc_column width=\u00bb1\/5&#8243;][\/vc_column][vc_column width=\u00bb4\/5&#8243;][vc_row_inner equal_height=\u00bbyes\u00bb content_placement=\u00bbtop\u00bb][vc_column_inner width=\u00bb1\/4&#8243;][vc_icon type=\u00bblinecons\u00bb icon_linecons=\u00bbvc_li vc_li-clip\u00bb color=\u00bbcustom\u00bb css=\u00bb\u00bb custom_color=\u00bb#68BFAD\u00bb][vc_column_text]<\/p>\n<h6>C\u00f3digo de Relaci\u00f3n con Proveedores<\/h6>\n<p>Documento que busca reflejar las buenas pr\u00e1cticas esperadas por parte de los proveedores.[\/vc_column_text]<style type=\"text\/css\">.thegem-button-69de2d0b7c4461147 .gem-button svg {fill: #222A36;}.thegem-button-69de2d0b7c4461147 .gem-button:hover svg {fill: #FFFFFF;}<\/style><div class=\"gem-button-container gem-button-position-left thegem-button-69de2d0b7c4461147    \"  ><a class=\"gem-button gem-button-size-medium gem-button-style-outline gem-button-text-weight-normal gem-button-border-1  gem-button-flex\" data-ll-effect=\"drop-right-without-wrap\" style=\"border-radius: 15px;border-color: #222A36;color: #222A36;\" onmouseleave=\"this.style.borderColor='#222A36';this.style.backgroundColor='transparent';this.style.color='#222A36';\" onmouseenter=\"this.style.borderColor='#222A36';this.style.backgroundColor='#222A36';this.style.color='#FFFFFF';\" href=\"https:\/\/latinamerica.hanseaticglobalterminals.com\/wp-content\/uploads\/2025\/08\/02.-Codigo-de-relacion-con-proveedores.pdf\" target=\"_blank\"><span class=\"gem-button-text title-h5\">Descargar Aqu\u00ed<\/span><\/a><\/div> [\/vc_column_inner][vc_column_inner width=\u00bb1\/4&#8243;][vc_icon type=\u00bblinecons\u00bb icon_linecons=\u00bbvc_li vc_li-clip\u00bb color=\u00bbcustom\u00bb css=\u00bb\u00bb custom_color=\u00bb#68BFAD\u00bb][vc_column_text]<\/p>\n<h6>Formulario de vinculaci\u00f3n<\/h6>\n<p>Documento que solicita la informaci\u00f3n m\u00ednima del proveedor para ser ingresado a nuestra Base de Datos.[\/vc_column_text]<style type=\"text\/css\">.thegem-button-69de2d0b7c4c87936 .gem-button svg {fill: #222A36;}.thegem-button-69de2d0b7c4c87936 .gem-button:hover svg {fill: #FFFFFF;}<\/style><div class=\"gem-button-container gem-button-position-left thegem-button-69de2d0b7c4c87936    \"  ><a class=\"gem-button gem-button-size-medium gem-button-style-outline gem-button-text-weight-normal gem-button-border-1  gem-button-flex\" data-ll-effect=\"drop-right-without-wrap\" style=\"border-radius: 15px;border-color: #222A36;color: #222A36;\" onmouseleave=\"this.style.borderColor='#222A36';this.style.backgroundColor='transparent';this.style.color='#222A36';\" onmouseenter=\"this.style.borderColor='#222A36';this.style.backgroundColor='#222A36';this.style.color='#FFFFFF';\" href=\"https:\/\/latinamerica.hanseaticglobalterminals.com\/wp-content\/uploads\/2023\/07\/Formulario-Creacion-proveedores-Pag-Web-1.xlsx\" target=\"_blank\"><span class=\"gem-button-text title-h5\">Descargar Aqu\u00ed<\/span><\/a><\/div> [\/vc_column_inner][vc_column_inner width=\u00bb1\/4&#8243;][vc_icon type=\u00bblinecons\u00bb icon_linecons=\u00bbvc_li vc_li-clip\u00bb color=\u00bbcustom\u00bb css=\u00bb\u00bb custom_color=\u00bb#68BFAD\u00bb][vc_column_text]<\/p>\n<h6>Certificado cuenta bancaria<\/h6>\n<p>Documento que acredita formalmente la cuenta bancaria del proveedor. Solo para pagos v\u00eda transferencia.[\/vc_column_text]<style type=\"text\/css\">.thegem-button-69de2d0b7c5378180 .gem-button svg {fill: #222A36;}.thegem-button-69de2d0b7c5378180 .gem-button:hover svg {fill: #FFFFFF;}<\/style><div class=\"gem-button-container gem-button-position-left thegem-button-69de2d0b7c5378180    \"  ><a class=\"gem-button gem-button-size-medium gem-button-style-outline gem-button-text-weight-normal gem-button-border-1  gem-button-flex\" data-ll-effect=\"drop-right-without-wrap\" style=\"border-radius: 15px;border-color: #222A36;color: #222A36;\" onmouseleave=\"this.style.borderColor='#222A36';this.style.backgroundColor='transparent';this.style.color='#222A36';\" onmouseenter=\"this.style.borderColor='#222A36';this.style.backgroundColor='#222A36';this.style.color='#FFFFFF';\" href=\"https:\/\/latinamerica.hanseaticglobalterminals.com\/wp-content\/uploads\/2023\/07\/Certificado-Cuenta-Bancaria.pdf\" target=\"_blank\"><span class=\"gem-button-text title-h5\">Descargar Aqu\u00ed<\/span><\/a><\/div> [\/vc_column_inner][vc_column_inner width=\u00bb1\/4&#8243;][vc_icon type=\u00bblinecons\u00bb icon_linecons=\u00bbvc_li vc_li-clip\u00bb color=\u00bbcustom\u00bb css=\u00bb\u00bb custom_color=\u00bb#68BFAD\u00bb][vc_column_text css=\u00bb\u00bb]<\/p>\n<h6>Aceptaci\u00f3n de C\u00f3digo de Relaci\u00f3n con Proveedores<\/h6>\n<p>Documento que acredita la lectura y acuerdo del C\u00f3digo de Relaci\u00f3n con proveedores <b>Hanseatic Global Terminals Latin America.<\/b>[\/vc_column_text]<style type=\"text\/css\">.thegem-button-69de2d0b7c5a15207 .gem-button svg {fill: #222A36;}.thegem-button-69de2d0b7c5a15207 .gem-button:hover svg {fill: #FFFFFF;}<\/style><div class=\"gem-button-container gem-button-position-left thegem-button-69de2d0b7c5a15207    \"  ><a class=\"gem-button gem-button-size-medium gem-button-style-outline gem-button-text-weight-normal gem-button-border-1  gem-button-flex\" data-ll-effect=\"drop-right-without-wrap\" style=\"border-radius: 15px;border-color: #222A36;color: #222A36;\" onmouseleave=\"this.style.borderColor='#222A36';this.style.backgroundColor='transparent';this.style.color='#222A36';\" onmouseenter=\"this.style.borderColor='#222A36';this.style.backgroundColor='#222A36';this.style.color='#FFFFFF';\" href=\"https:\/\/latinamerica.hanseaticglobalterminals.com\/wp-content\/uploads\/2025\/08\/DECLARACION-JURADA-CODIGO-DE-RELACION-CON-PROVEEDORES.pdf\" target=\"_blank\"><span class=\"gem-button-text title-h5\">Descargar Aqu\u00ed<\/span><\/a><\/div> [\/vc_column_inner][\/vc_row_inner]<div class=\"clearboth\"><\/div><style>#thegem-divider-69de2d0b7c5d9 {margin-top: 45px !important;}<\/style><div id=\"thegem-divider-69de2d0b7c5d9\" class=\"gem-divider  \" style=\"\" ><\/div>[\/vc_column][\/vc_row][vc_row][vc_column width=\u00bb1\/5&#8243;][\/vc_column][vc_column width=\u00bb4\/5&#8243;][vc_row_inner equal_height=\u00bbyes\u00bb content_placement=\u00bbmiddle\u00bb][vc_column_inner][vc_column_text css=\u00bb\u00bb]<\/p>\n<h4><span style=\"font-weight: 400;\">Proceso de compra<\/span><\/h4>\n<p>Hanseatic Global Terminals Latin America se compromete a cumplir con los t\u00e9rminos de pago acordados con cada proveedor, prestando particular atenci\u00f3n a sus proveedores PYMES y emprendedores locales, por lo cual su pago ser\u00e1 emitido en un plazo no superior a 30 d\u00edas, a partir de la recepci\u00f3n del documento que de origen al cobro.[\/vc_column_text][vc_single_image image=\u00bb5284&#8243; img_size=\u00bbfull\u00bb alignment=\u00bbcenter\u00bb css=\u00bb\u00bb][\/vc_column_inner][\/vc_row_inner]<div class=\"clearboth\"><\/div><style>#thegem-divider-69de2d0b7c601 {margin-top: 45px !important;}<\/style><div id=\"thegem-divider-69de2d0b7c601\" class=\"gem-divider  \" style=\"\" ><\/div>[\/vc_column][\/vc_row][vc_row content_placement=\u00bbtop\u00bb][vc_column width=\u00bb1\/5&#8243;][\/vc_column][vc_column width=\u00bb4\/5&#8243;][vc_row_inner equal_height=\u00bbyes\u00bb content_placement=\u00bbtop\u00bb][vc_column_inner width=\u00bb1\/4&#8243;][\/vc_column_inner][vc_column_inner width=\u00bb1\/4&#8243;][vc_icon type=\u00bblinecons\u00bb icon_linecons=\u00bbvc_li vc_li-clip\u00bb color=\u00bbcustom\u00bb css=\u00bb\u00bb custom_color=\u00bb#68BFAD\u00bb][vc_column_text]<\/p>\n<h6><strong>INFORMACI\u00d3N SOBRE EL PAGO A PROVEEDORES<\/strong><\/h6>\n<p>[\/vc_column_text]<style type=\"text\/css\">.thegem-button-69de2d0b7c65a497 .gem-button svg {fill: #222A36;}.thegem-button-69de2d0b7c65a497 .gem-button:hover svg {fill: #FFFFFF;}<\/style><div class=\"gem-button-container gem-button-position-center thegem-button-69de2d0b7c65a497    \"  ><a class=\"gem-button gem-button-size-medium gem-button-style-outline gem-button-text-weight-normal gem-button-border-1  gem-button-flex\" data-ll-effect=\"drop-right-without-wrap\" style=\"border-radius: 15px;border-color: #222A36;color: #222A36;\" onmouseleave=\"this.style.borderColor='#222A36';this.style.backgroundColor='transparent';this.style.color='#222A36';\" onmouseenter=\"this.style.borderColor='#222A36';this.style.backgroundColor='#222A36';this.style.color='#FFFFFF';\" href=\"https:\/\/latinamerica.hanseaticglobalterminals.com\/wp-content\/uploads\/2025\/08\/PROCEDIMIENTO-DE-PAGO-A-PROVEEDORES.pdf\" target=\"_blank\"><span class=\"gem-button-text title-h5\">Descargar Aqu\u00ed<\/span><\/a><\/div> [\/vc_column_inner][vc_column_inner width=\u00bb1\/4&#8243;][vc_icon type=\u00bblinecons\u00bb icon_linecons=\u00bbvc_li vc_li-clip\u00bb color=\u00bbcustom\u00bb css=\u00bb\u00bb custom_color=\u00bb#68BFAD\u00bb][vc_column_text]<\/p>\n<h6><strong>DOCUMENTO SOBRE EL PROCESO DE COMPRAS<\/strong><\/h6>\n<p>[\/vc_column_text]<style type=\"text\/css\">.thegem-button-69de2d0b7c6c16782 .gem-button svg {fill: #222A36;}.thegem-button-69de2d0b7c6c16782 .gem-button:hover svg {fill: #FFFFFF;}<\/style><div class=\"gem-button-container gem-button-position-center thegem-button-69de2d0b7c6c16782    \"  ><a class=\"gem-button gem-button-size-medium gem-button-style-outline gem-button-text-weight-normal gem-button-border-1  gem-button-flex\" data-ll-effect=\"drop-right-without-wrap\" style=\"border-radius: 15px;border-color: #222A36;color: #222A36;\" onmouseleave=\"this.style.borderColor='#222A36';this.style.backgroundColor='transparent';this.style.color='#222A36';\" onmouseenter=\"this.style.borderColor='#222A36';this.style.backgroundColor='#222A36';this.style.color='#FFFFFF';\" href=\"https:\/\/latinamerica.hanseaticglobalterminals.com\/wp-content\/uploads\/2025\/08\/PROCEDIMIENTO-DE-COMPRAS.pdf\" target=\"_blank\"><span class=\"gem-button-text title-h5\">Descargar Aqu\u00ed<\/span><\/a><\/div> [\/vc_column_inner][vc_column_inner width=\u00bb1\/4&#8243;][\/vc_column_inner][\/vc_row_inner]<div class=\"clearboth\"><\/div><style>#thegem-divider-69de2d0b7c705 {margin-top: 45px !important;}<\/style><div id=\"thegem-divider-69de2d0b7c705\" class=\"gem-divider  \" style=\"\" ><\/div>[\/vc_column][\/vc_row][vc_row][vc_column width=\u00bb1\/5&#8243;][\/vc_column][vc_column width=\u00bb4\/5&#8243;][vc_column_text]<\/p>\n<h4><span style=\"font-weight: 400;\">PREGUNTAS FRECUENTES<\/span><\/h4>\n<p>[\/vc_column_text][vc_tta_accordion section_title_tag=\u00bbh5&#8243; style=\u00bboutline\u00bb shape=\u00bbsquare\u00bb color=\u00bbblack\u00bb spacing=\u00bb10&#8243; active_section=\u00bb19088&#8243; no_fill=\u00bbtrue\u00bb collapsible_all=\u00bbtrue\u00bb][vc_tta_section title=\u00bb\u00bfC\u00f3mo puedo ser proveedor de Hanseatic Global Terminals Latin America?\u00bb tab_id=\u00bb1689014565359-5cb22fb3-360bd793-80ed\u00bb][vc_column_text css=\u00bb\u00bb el_class=\u00bbtexto-blanco\u00bb]<span style=\"color: #5f727f;\">Ser proveedor de nuestra compa\u00f1\u00eda es muy simple: ingresa tus datos y documentos m\u00ednimos en <\/span><strong><a href=\"https:\/\/latinamerica.hanseaticglobalterminals.com\/wp-content\/uploads\/2023\/07\/Formulario-Creacion-proveedores-Pag-Web-1.xlsx\" target=\"_blank\" rel=\"noopener\">\u201cDocumentos y vinculaci\u00f3n de proveedores\u201d<\/a><\/strong>[\/vc_column_text][\/vc_tta_section][vc_tta_section title=\u00bb\u00bfQu\u00e9 documentos necesito para ser proveedor de Hanseatic Global Terminals Latin America?\u00bb tab_id=\u00bb1690232199521-a9c708c7-19bc\u00bb][vc_column_text css=\u00bb\u00bb el_class=\u00bbtexto-blanco\u00bb]<\/p>\n<ul>\n<li>Debes adherir a nuestro C\u00f3digo de Relaci\u00f3n con Proveedores firmando este documento.<\/li>\n<li>Completar formulario de vinculaci\u00f3n.<\/li>\n<li>Enviar certificado cuenta bancaria (solo para pagos v\u00eda transferencia bancaria).<\/li>\n<\/ul>\n<p>[\/vc_column_text][\/vc_tta_section][vc_tta_section title=\u00bb\u00bfCu\u00e1les son los plazos de pago?\u00bb tab_id=\u00bb1690232241799-f0e23403-055e\u00bb][vc_column_text css=\u00bb\u00bb el_class=\u00bbtexto-blanco\u00bb]El plazo de pago es seg\u00fan acordado previamente a la vinculaci\u00f3n, respetando siempre las normativas nacionales correspondientes.<\/p>\n<p><span style=\"color: #5f727f;\">Importante: El conteo inicia con la recepci\u00f3n correcta de la factura. Si necesitas m\u00e1s informaci\u00f3n revisa el documento <\/span><strong><a href=\"https:\/\/latinamerica.hanseaticglobalterminals.com\/wp-content\/uploads\/2023\/07\/Procedimiento-de-Pago-Proveedores.pdf\" target=\"_blank\" rel=\"noopener\">pago a proveedores<\/a><\/strong>[\/vc_column_text][\/vc_tta_section][vc_tta_section title=\u00bb\u00bfD\u00f3nde puedo consultar el estado de mis pagos?\u00bb tab_id=\u00bb1690232281942-a436fe6e-d110&#8243;][vc_column_text css=\u00bb\u00bb el_class=\u00bbtexto-blanco\u00bb]Para conocer el estado de los pagos, comun\u00edcate con la persona con la cual estableciste el contacto o bien en el correo <strong><a href=\"mailto:contacto.proveedores@hgt.com\" target=\"_blank\" rel=\"noopener\">contacto.proveedores@hgt.com<\/a><\/strong><b class=\"ContentPasted0\"><u><\/u><\/b>[\/vc_column_text][\/vc_tta_section][vc_tta_section title=\u00bbNo me han pagado una factura, \u00bfCon qui\u00e9n debo comunicarme?\u00bb tab_id=\u00bb1690232319346-8c87d79f-c649&#8243;][vc_column_text css=\u00bb\u00bb el_class=\u00bbtexto-blanco\u00bb]<span style=\"color: #5f727f;\">En caso de dudas respecto de facturas impagas, comun\u00edcate directamente con quien estableciste contacto o bien en el correo<\/span> <strong><a href=\"mailto:contacto.proveedores@hgt.com\" target=\"_blank\" rel=\"noopener\">contacto.proveedores@hgt.com<\/a><\/strong><b class=\"ContentPasted0\"><u><\/u><\/b>[\/vc_column_text][\/vc_tta_section][\/vc_tta_accordion]<div class=\"clearboth\"><\/div><style>#thegem-divider-69de2d0b7c728 {margin-top: 45px !important;}<\/style><div id=\"thegem-divider-69de2d0b7c728\" class=\"gem-divider  \" style=\"\" ><\/div>[\/vc_column][\/vc_row][vc_row custom_css_code=\u00bbJTIwLmdlbS10ZXh0Ym94LWNvbnRlbnQlN0IlMEFwYWRkaW5nJTNBJTIwMCUzQiUwQSU3RCUwQS5nZW0tYWxlcnQtYm94LmNlbnRlcmVkLWJveCUyMC5nZW0tYWxlcnQtYm94LWNvbnRlbnQlN0IlMEFwYWRkaW5nJTNBJTIwMCUzQiUwQSU3RA==\u00bb css_animation=\u00bbfadeIn\u00bb][vc_column]<div id=\"fullwidth-block-69de2d0b7d3b0\" class=\"fullwidth-block fullwidth-block-parallax-fixed clearfix\" data-mobile-parallax-enable=\"0\" style=\"padding-top: 105px;padding-bottom: 115px;padding-left: 20%px;padding-right: 20%px;\"><script type=\"text\/javascript\">if (typeof(gem_fix_fullwidth_position) == \"function\") { gem_fix_fullwidth_position(document.getElementById(\"fullwidth-block-69de2d0b7d3b0\")); }<\/script><div class=\"fullwidth-block-background\" style=\"background-image: url(https:\/\/latinamerica.hanseaticglobalterminals.com\/wp-content\/uploads\/2023\/07\/San-Antonio-Puerto-056-scaled.jpg);background-position: center top;\"><\/div><div class=\"fullwidth-block-parallax-overlay\" style=\"background-color: #222A36CC;\"><\/div><div class=\"fullwidth-block-inner\"><div class=\"container\">[vc_row_inner][vc_column_inner width=\u00bb1\/4&#8243;][\/vc_column_inner][vc_column_inner width=\u00bb1\/2&#8243;][vc_column_text]<\/p>\n<h2 style=\"text-align: center;\"><span style=\"font-weight: 400; color: #ffffff;\">Quiero ser proveedor<\/span><\/h2>\n<p>[\/vc_column_text]<div class=\"clearboth\"><\/div><style>#thegem-divider-69de2d0b7d50a {margin-top: 25px !important;}<\/style><div id=\"thegem-divider-69de2d0b7d50a\" class=\"gem-divider  \" style=\"\" ><\/div>[vc_column_text css=\u00bb\u00bb]<\/p>\n<p style=\"text-align: center;\"><span style=\"font-weight: 400; color: #ffffff;\">Si est\u00e1s interesado en ser un potencial proveedor de Hanseatic Global Terminals Latin America, en este espacio podr\u00e1s vincular a tu empresa, adjuntando los datos y documentos requeridos para su incorporaci\u00f3n en nuestra base de datos.<br \/>\n<\/span><\/p>\n<p>[\/vc_column_text]<div class=\"clearboth\"><\/div><style>#thegem-divider-69de2d0b7d536 {margin-top: 25px !important;}<\/style><div id=\"thegem-divider-69de2d0b7d536\" class=\"gem-divider  \" style=\"\" ><\/div><style type=\"text\/css\">.thegem-button-69de2d0b7d5ae1846 .gem-button svg {fill: #222A36;}.thegem-button-69de2d0b7d5ae1846 .gem-button:hover svg {fill: #FFFFFF;}<\/style><div class=\"gem-button-container gem-button-position-center thegem-button-69de2d0b7d5ae1846    \"  ><a class=\"gem-button gem-button-size-medium gem-button-style-flat gem-button-text-weight-normal  gem-button-flex\" data-ll-effect=\"drop-right-without-wrap\" style=\"border-radius: 15px;background-color: #FFFFFF;color: #222A36;\" onmouseleave=\"this.style.backgroundColor='#FFFFFF';this.style.color='#222A36';\" onmouseenter=\"this.style.backgroundColor='#222A36';this.style.color='#FFFFFF';\" href=\"https:\/\/latinamerica.hanseaticglobalterminals.com\/es\/cadena-de-suministro\/formulario-proveedor\/\" target=\"_blank\"><span class=\"gem-button-text title-h5\">Complete el formulario de proveedor<\/span><\/a><\/div> [\/vc_column_inner][vc_column_inner width=\u00bb1\/4&#8243;][\/vc_column_inner][\/vc_row_inner]<\/div><\/div><\/div>[\/vc_column][\/vc_row]<\/p>\n<\/div>","protected":false},"excerpt":{"rendered":"<p>[vc_row css=\u00bb.vc_custom_1511178027038{margin-bottom: 0px !important;}\u00bb][vc_column][\/vc_column][\/vc_row][vc_row el_id=\u00bbpeople\u00bb][vc_column width=\u00bb1\/5&#8243;][\/vc_column][vc_column width=\u00bb4\/5&#8243;][vc_column_text css=\u00bb\u00bb] Cadena de Suministro 1 [\/vc_column_text][vc_column_text css=\u00bb\u00bb] Contar con una cadena de valor&#8230;<\/p>\n","protected":false},"author":1,"featured_media":0,"parent":0,"menu_order":0,"comment_status":"closed","ping_status":"closed","template":"","meta":{"footnotes":""},"class_list":["post-3117","page","type-page","status-publish"],"_links":{"self":[{"href":"https:\/\/latinamerica.hanseaticglobalterminals.com\/es\/wp-json\/wp\/v2\/pages\/3117","targetHints":{"allow":["GET"]}}],"collection":[{"href":"https:\/\/latinamerica.hanseaticglobalterminals.com\/es\/wp-json\/wp\/v2\/pages"}],"about":[{"href":"https:\/\/latinamerica.hanseaticglobalterminals.com\/es\/wp-json\/wp\/v2\/types\/page"}],"author":[{"embeddable":true,"href":"https:\/\/latinamerica.hanseaticglobalterminals.com\/es\/wp-json\/wp\/v2\/users\/1"}],"replies":[{"embeddable":true,"href":"https:\/\/latinamerica.hanseaticglobalterminals.com\/es\/wp-json\/wp\/v2\/comments?post=3117"}],"version-history":[{"count":37,"href":"https:\/\/latinamerica.hanseaticglobalterminals.com\/es\/wp-json\/wp\/v2\/pages\/3117\/revisions"}],"predecessor-version":[{"id":5314,"href":"https:\/\/latinamerica.hanseaticglobalterminals.com\/es\/wp-json\/wp\/v2\/pages\/3117\/revisions\/5314"}],"wp:attachment":[{"href":"https:\/\/latinamerica.hanseaticglobalterminals.com\/es\/wp-json\/wp\/v2\/media?parent=3117"}],"curies":[{"name":"wp","href":"https:\/\/api.w.org\/{rel}","templated":true}]}}