{"id":3110,"date":"2023-07-24T18:58:09","date_gmt":"2023-07-24T18:58:09","guid":{"rendered":"https:\/\/latinamerica.hanseaticglobalterminals.com\/community-and-stakeholders\/"},"modified":"2025-07-15T16:05:25","modified_gmt":"2025-07-15T16:05:25","slug":"comunidad-y-grupos-de-interes","status":"publish","type":"page","link":"https:\/\/latinamerica.hanseaticglobalterminals.com\/es\/comunidad-y-grupos-de-interes\/","title":{"rendered":"Comunidad y grupos de inter\u00e9s"},"content":{"rendered":"<div class=\"wpb-content-wrapper\"><p>[vc_row css=\u00bb.vc_custom_1511178027038{margin-bottom: 0px !important;}\u00bb][vc_column]<div class=\"clearboth\"><\/div><style>#thegem-divider-69fa5ae5a1bf4 {margin-top: 60px !important;}<\/style><div id=\"thegem-divider-69fa5ae5a1bf4\" class=\"gem-divider  \" style=\"\" ><\/div>[\/vc_column][\/vc_row][vc_row el_id=\u00bbpeople\u00bb][vc_column width=\u00bb1\/5&#8243;]<div class=\"gem-list\" ><ul>\n<li><a href=\"https:\/\/latinamerica.hanseaticglobalterminals.com\/es\/sostenibilidad\/\">Sostenibilidad<\/a><\/li>\n<li><a href=\"https:\/\/latinamerica.hanseaticglobalterminals.com\/es\/medioambiente\/\">Medioambiente<\/a><\/li>\n<li><a href=\"https:\/\/latinamerica.hanseaticglobalterminals.com\/es\/personas\/\">Social<\/a><\/li>\n<\/ul>\n<p style=\"padding-left: 40px;\"><a href=\"https:\/\/latinamerica.hanseaticglobalterminals.com\/es\/personas\/\">Personas<\/a><br \/>\n<a href=\"https:\/\/latinamerica.hanseaticglobalterminals.com\/es\/comunidad-y-grupos-de-interes\/\">Comunidad<\/a><br \/>\n<a href=\"https:\/\/latinamerica.hanseaticglobalterminals.com\/es\/cadena-de-suministro\/\">Cadena de Suministro<\/a><\/p>\n<ul>\n<li><a href=\"https:\/\/latinamerica.hanseaticglobalterminals.com\/es\/compliance\/\">Compliance<\/a><\/li>\n<li><a href=\"https:\/\/latinamerica.hanseaticglobalterminals.com\/es\/experiencias-destacadas\/\">Experiencias Destacadas<\/a><\/li>\n<li><a href=\"https:\/\/latinamerica.hanseaticglobalterminals.com\/es\/reportes-y-recursos-esg\/\">Reportes y recursos ESG<\/a><\/li>\n<\/ul>\n<\/div>[\/vc_column][vc_column width=\u00bb4\/5&#8243;][vc_column_text css=\u00bb\u00bb]<\/p>\n<div class=\"title-h2\" style=\"text-align: left; margin-bottom: 20px;\"><span style=\"color: #5f727f;\">Comunidad y grupos de inter\u00e9s<br \/>\n<\/span><\/div>\n<div style=\"width: 55px; height: 3px; background: #FF6600; text-indent: 9999px;\">1<\/div>\n<p>[\/vc_column_text][vc_column_text css=\u00bb\u00bb]<\/p>\n<div class=\"styled-subtitle\" style=\"max-width: 980px; margin: auto; text-align: left;\">La relaci\u00f3n activa con grupos de inter\u00e9s y el \u00e9nfasis en promover el desarrollo de las comunidades y de los entornos de las operaciones de la compa\u00f1\u00eda, corresponde a uno de los ejes estrat\u00e9gicos en materia de sostenibilidad de Hanseatic Global Terminals Latin America.<\/div>\n<p>[\/vc_column_text]<div class=\"clearboth\"><\/div><style>#thegem-divider-69fa5ae5a1ce3 {margin-top: 45px !important;}<\/style><div id=\"thegem-divider-69fa5ae5a1ce3\" class=\"gem-divider  \" style=\"\" ><\/div>[vc_row_inner equal_height=\u00bbyes\u00bb content_placement=\u00bbmiddle\u00bb][vc_column_inner][vc_column_text css=\u00bb\u00bb]Las compa\u00f1\u00edas que opera desarrollan una serie de iniciativas en sus entornos para movilizar este compromiso social, a partir de una profundizaci\u00f3n en el conocimiento de cada una de las comunidades y grupos de inter\u00e9s del entorno entregado en los diagn\u00f3sticos comunitarios con orientaci\u00f3n socioambiental desarrollados entre 2021 y 2022.<\/p>\n<p>Toda iniciativa que responde al compromiso social de la compa\u00f1\u00eda se enmarca en uno de estos componentes:[\/vc_column_text][\/vc_column_inner][\/vc_row_inner]<div class=\"clearboth\"><\/div><style>#thegem-divider-69fa5ae5a1d0d {margin-top: 45px !important;}<\/style><div id=\"thegem-divider-69fa5ae5a1d0d\" class=\"gem-divider  \" style=\"\" ><\/div>[vc_single_image image=\u00bb5005&#8243; img_size=\u00bbfull\u00bb css=\u00bb\u00bb]<div class=\"clearboth\"><\/div><style>#thegem-divider-69fa5ae5a1d30 {margin-top: 85px !important;}<\/style><div id=\"thegem-divider-69fa5ae5a1d30\" class=\"gem-divider  \" style=\"\" ><\/div>[\/vc_column][\/vc_row]<\/p>\n<\/div>","protected":false},"excerpt":{"rendered":"<p>[vc_row css=\u00bb.vc_custom_1511178027038{margin-bottom: 0px !important;}\u00bb][vc_column][\/vc_column][\/vc_row][vc_row el_id=\u00bbpeople\u00bb][vc_column width=\u00bb1\/5&#8243;][\/vc_column][vc_column width=\u00bb4\/5&#8243;][vc_column_text css=\u00bb\u00bb] Comunidad y grupos de inter\u00e9s 1 [\/vc_column_text][vc_column_text css=\u00bb\u00bb] La relaci\u00f3n activa con&#8230;<\/p>\n","protected":false},"author":1,"featured_media":0,"parent":0,"menu_order":0,"comment_status":"closed","ping_status":"closed","template":"","meta":{"footnotes":""},"class_list":["post-3110","page","type-page","status-publish"],"_links":{"self":[{"href":"https:\/\/latinamerica.hanseaticglobalterminals.com\/es\/wp-json\/wp\/v2\/pages\/3110","targetHints":{"allow":["GET"]}}],"collection":[{"href":"https:\/\/latinamerica.hanseaticglobalterminals.com\/es\/wp-json\/wp\/v2\/pages"}],"about":[{"href":"https:\/\/latinamerica.hanseaticglobalterminals.com\/es\/wp-json\/wp\/v2\/types\/page"}],"author":[{"embeddable":true,"href":"https:\/\/latinamerica.hanseaticglobalterminals.com\/es\/wp-json\/wp\/v2\/users\/1"}],"replies":[{"embeddable":true,"href":"https:\/\/latinamerica.hanseaticglobalterminals.com\/es\/wp-json\/wp\/v2\/comments?post=3110"}],"version-history":[{"count":8,"href":"https:\/\/latinamerica.hanseaticglobalterminals.com\/es\/wp-json\/wp\/v2\/pages\/3110\/revisions"}],"predecessor-version":[{"id":5007,"href":"https:\/\/latinamerica.hanseaticglobalterminals.com\/es\/wp-json\/wp\/v2\/pages\/3110\/revisions\/5007"}],"wp:attachment":[{"href":"https:\/\/latinamerica.hanseaticglobalterminals.com\/es\/wp-json\/wp\/v2\/media?parent=3110"}],"curies":[{"name":"wp","href":"https:\/\/api.w.org\/{rel}","templated":true}]}}