{"id":3102,"date":"2023-07-21T22:12:20","date_gmt":"2023-07-21T22:12:20","guid":{"rendered":"https:\/\/latinamerica.hanseaticglobalterminals.com\/people\/"},"modified":"2025-08-04T14:53:01","modified_gmt":"2025-08-04T14:53:01","slug":"personas","status":"publish","type":"page","link":"https:\/\/latinamerica.hanseaticglobalterminals.com\/es\/personas\/","title":{"rendered":"Personas"},"content":{"rendered":"<div class=\"wpb-content-wrapper\"><p>[vc_row css=\u00bb.vc_custom_1511178027038{margin-bottom: 0px !important;}\u00bb][vc_column]<div class=\"clearboth\"><\/div><style>#thegem-divider-69fb4f2817769 {margin-top: 60px !important;}<\/style><div id=\"thegem-divider-69fb4f2817769\" class=\"gem-divider  \" style=\"\" ><\/div>[\/vc_column][\/vc_row][vc_row el_id=\u00bbpeople\u00bb][vc_column width=\u00bb1\/5&#8243;]<div class=\"gem-list\" ><ul>\n<li><a href=\"https:\/\/latinamerica.hanseaticglobalterminals.com\/es\/sostenibilidad\/\">Sostenibilidad<\/a><\/li>\n<li><a href=\"https:\/\/latinamerica.hanseaticglobalterminals.com\/es\/medioambiente\/\">Medioambiente<\/a><\/li>\n<li><a href=\"https:\/\/latinamerica.hanseaticglobalterminals.com\/es\/personas\/\">Social<\/a><\/li>\n<\/ul>\n<p style=\"padding-left: 40px;\"><a href=\"https:\/\/latinamerica.hanseaticglobalterminals.com\/es\/personas\/\">Personas<\/a><br \/>\n<a href=\"https:\/\/latinamerica.hanseaticglobalterminals.com\/es\/comunidad-y-grupos-de-interes\/\">Comunidad<\/a><br \/>\n<a href=\"https:\/\/latinamerica.hanseaticglobalterminals.com\/es\/cadena-de-suministro\/\">Cadena de Suministro<\/a><\/p>\n<ul>\n<li><a href=\"https:\/\/latinamerica.hanseaticglobalterminals.com\/es\/compliance\/\">Compliance<\/a><\/li>\n<li><a href=\"https:\/\/latinamerica.hanseaticglobalterminals.com\/es\/experiencias-destacadas\/\">Experiencias Destacadas<\/a><\/li>\n<li><a href=\"https:\/\/latinamerica.hanseaticglobalterminals.com\/es\/reportes-y-recursos-esg\/\">Reportes y recursos ESG<\/a><\/li>\n<\/ul>\n<\/div>[\/vc_column][vc_column width=\u00bb4\/5&#8243;][vc_column_text css=\u00bb\u00bb]<\/p>\n<div class=\"title-h2\" style=\"text-align: left; margin-bottom: 20px;\"><span style=\"color: #5f727f;\">Personas<\/span><\/div>\n<div style=\"width: 55px; height: 3px; background: #FF6600; text-indent: 9999px;\">1<\/div>\n<p>[\/vc_column_text][vc_column_text css=\u00bb\u00bb]<\/p>\n<div class=\"styled-subtitle\" style=\"max-width: 980px; margin: auto; text-align: left;\">\n<p>Las personas que forman parte de Hanseatic Global Terminals y las empresas que opera est\u00e1n a la base del desarrollo de la compa\u00f1\u00eda y son quienes permiten entregar un servicio de excelencia en cada mercado donde opera.<\/p>\n<\/div>\n<p>[\/vc_column_text]<div class=\"clearboth\"><\/div><style>#thegem-divider-69fb4f2817854 {margin-top: 45px !important;}<\/style><div id=\"thegem-divider-69fb4f2817854\" class=\"gem-divider  \" style=\"\" ><\/div>[vc_row_inner equal_height=\u00bbyes\u00bb content_placement=\u00bbmiddle\u00bb][vc_column_inner width=\u00bb2\/3&#8243;][vc_column_text css=\u00bb\u00bb]En este \u00e1mbito, la empresa promueve el m\u00e1ximo desempe\u00f1o y potencia el talento interno mediante la aplicaci\u00f3n de buenas pr\u00e1cticas y adjudicando puestos de responsabilidad en funci\u00f3n de los m\u00e9ritos personales, materializando la visi\u00f3n organizacional de atraer y retener profesionales bien preparados.<\/p>\n<p>La compa\u00f1\u00eda trabaja en el establecimiento de una cultura de seguridad robusta y madura, junto con un entorno de trabajo marcado por el compromiso, relaciones laborales de calidad y la valoraci\u00f3n de la diversidad, elementos clave para el logro de su estrategia.[\/vc_column_text][\/vc_column_inner][vc_column_inner width=\u00bb1\/3&#8243; css=\u00bb.vc_custom_1689977929464{padding-left: 30px !important;}\u00bb][vc_single_image image=\u00bb3579&#8243; img_size=\u00bbfull\u00bb style=\u00bbvc_box_circle_2&#8243;][\/vc_column_inner][\/vc_row_inner]<div class=\"clearboth\"><\/div><style>#thegem-divider-69fb4f2817882 {margin-top: 45px !important;}<\/style><div id=\"thegem-divider-69fb4f2817882\" class=\"gem-divider  \" style=\"\" ><\/div>[vc_column_text css=\u00bb\u00bb]<\/p>\n<h4><span style=\"font-weight: 400;\">Dotaci\u00f3n<\/span><\/h4>\n<p>La amplia presencia de Hanseatic Global Terminals en Am\u00e9rica ha permitido atraer un equipo diverso de colaboradores. A diciembre de 2024, la compa\u00f1\u00eda cuenta con 2.636 colaboradores en las empresas que consolida.[\/vc_column_text]<div class=\"clearboth\"><\/div><style>#thegem-divider-69fb4f28178ab {margin-top: 45px !important;}<\/style><div id=\"thegem-divider-69fb4f28178ab\" class=\"gem-divider  \" style=\"\" ><\/div>[\/vc_column][\/vc_row][vc_row equal_height=\u00bbyes\u00bb content_placement=\u00bbmiddle\u00bb][vc_column width=\u00bb1\/5&#8243;][\/vc_column][vc_column width=\u00bb2\/5&#8243; css=\u00bb.vc_custom_1689978675311{padding: 20px !important;background-color: #eaeaea !important;}\u00bb]<div data-number-format=\"(,ddd).ddd\" class=\"gem-counter-box row inline-row inline-row-center gem-counter-style-1 lazy-loading lazy-loading-not-hide\" ><div class=\"gem-counter col-xs-12 inline-column gem-counter-effect-simple\" ><div class=\"gem-counter-inner\"><div class=\"gem-counter-number\" style=\"color: #5f727f\"><div class=\"gem-counter-odometer\" data-to=\"2.636\">0<\/div><\/div><div class=\"gem-counter-text styled-subtitle\" style=\"color: #5f727f\">TOTAL<\/div><\/div><\/div><\/div>[\/vc_column][vc_column width=\u00bb1\/5&#8243;]<div class=\"centered-box\"><div class=\"gem-icon gem-icon-pack-fontawesome gem-icon-size-medium  gem-icon-shape-square gem-simple-icon \"  style=\"opacity: 1;\"><div class=\"gem-icon-inner\" style=\"\"><span class=\"gem-icon-half-1\" style=\"color: #5f727f;\"><span class=\"back-angle\">&#xf183;<\/span><\/span><span class=\"gem-icon-half-2\" style=\"color: #5f727f;\"><span class=\"back-angle\">&#xf183;<\/span><\/span><\/div><\/div><\/div><div class=\"diagram-item\"><div class=\"diagram-wrapper style-2\"><div class=\"\" > <div class=\"digram-line-box \" > <div class=\"skill-element\"> <div class=\"skill-title\"> <\/div> <div class=\"clearfix\"> <div style=\"color:#FF6600\" class=\"skill-amount\">0%<\/div> <div class=\"skill-line\" style=\"background-color: #AFD7CD\"><div data-amount=\"81\" style=\"width: 0; background: #FF6600;\"><\/div><\/div> <\/div> <\/div> <\/div> <\/div><\/div><\/div><div class=\"clearboth\"><\/div><style>#thegem-divider-69fb4f2817cd9 {margin-top: 30px !important;}<\/style><div id=\"thegem-divider-69fb4f2817cd9\" class=\"gem-divider  \" style=\"\" ><\/div>[\/vc_column][vc_column width=\u00bb1\/5&#8243;]<div class=\"centered-box\"><div class=\"gem-icon gem-icon-pack-fontawesome gem-icon-size-medium  gem-icon-shape-square gem-simple-icon \"  style=\"opacity: 1;\"><div class=\"gem-icon-inner\" style=\"\"><span class=\"gem-icon-half-1\" style=\"color: #5f727f;\"><span class=\"back-angle\">&#xf182;<\/span><\/span><span class=\"gem-icon-half-2\" style=\"color: #5f727f;\"><span class=\"back-angle\">&#xf182;<\/span><\/span><\/div><\/div><\/div><div class=\"diagram-item\"><div class=\"diagram-wrapper style-2\"><div class=\"\" > <div class=\"digram-line-box \" > <div class=\"skill-element\"> <div class=\"skill-title\"> <\/div> <div class=\"clearfix\"> <div style=\"color:#FF6600\" class=\"skill-amount\">0%<\/div> <div class=\"skill-line\" style=\"background-color: #AFD7CD\"><div data-amount=\"19\" style=\"width: 0; background: #FF6600;\"><\/div><\/div> <\/div> <\/div> <\/div> <\/div><\/div><\/div><div class=\"clearboth\"><\/div><style>#thegem-divider-69fb4f2817e5e {margin-top: 30px !important;}<\/style><div id=\"thegem-divider-69fb4f2817e5e\" class=\"gem-divider  \" style=\"\" ><\/div>[\/vc_column][\/vc_row][vc_row][vc_column width=\u00bb1\/5&#8243;][\/vc_column][vc_column width=\u00bb4\/5&#8243;]<div data-number-format=\"(,ddd).ddd\" class=\"gem-counter-box row inline-row inline-row-center gem-counter-style-1 lazy-loading lazy-loading-not-hide\" ><div class=\"gem-counter col-md-3 col-sm-4 col-xs-6 inline-column gem-counter-effect-simple\" ><div class=\"gem-counter-inner\"><div class=\"gem-counter-number\" style=\"color: #5f727f\"><div class=\"gem-counter-odometer\" data-to=\"76\">0<\/div><\/div><div class=\"gem-counter-text styled-subtitle\" style=\"color: #5f727f\">Corporativo<\/div><\/div><\/div><div class=\"gem-counter col-md-3 col-sm-4 col-xs-6 inline-column gem-counter-effect-simple\" ><div class=\"gem-counter-inner\"><div class=\"gem-counter-number\" style=\"color: #5f727f\"><div class=\"gem-counter-odometer\" data-to=\"2.302\">0<\/div><\/div><div class=\"gem-counter-text styled-subtitle\" style=\"color: #5f727f\">Terminales Portuarios<\/div><\/div><\/div><div class=\"gem-counter col-md-3 col-sm-4 col-xs-6 inline-column gem-counter-effect-simple\" ><div class=\"gem-counter-inner\"><div class=\"gem-counter-number\" style=\"color: #5f727f\"><div class=\"gem-counter-odometer\" data-to=\"258\">0<\/div><\/div><div class=\"gem-counter-text styled-subtitle\" style=\"color: #5f727f\">Inland Services<\/div><\/div><\/div><div class=\"gem-counter col-md-3 col-sm-4 col-xs-6 inline-column gem-counter-effect-simple\" ><div class=\"gem-counter-inner\"><div class=\"gem-counter-number\" style=\"color: #5f727f\"><div class=\"gem-counter-odometer\" data-to=\"18\">0<\/div><\/div><div class=\"gem-counter-text styled-subtitle\" style=\"color: #5f727f\">Nacionalidades<\/div><\/div><\/div><\/div>[\/vc_column][\/vc_row][vc_row][vc_column width=\u00bb1\/5&#8243;][\/vc_column][vc_column width=\u00bb4\/5&#8243;][vc_row_inner equal_height=\u00bbyes\u00bb content_placement=\u00bbmiddle\u00bb][vc_column_inner width=\u00bb2\/3&#8243;][vc_column_text css=\u00bb\u00bb]<\/p>\n<h4><span style=\"font-weight: 400;\">Seguridad y salud<\/span><\/h4>\n<p>Para Hanseatic Global Terminals, la seguridad es su valor principal, poniendo el cuidado y la salud de las personas en el centro. En torno a \u00e9l, se encuentra implementando la estrategia +Safety.\u00a0 Ella se basa en los m\u00e1s altos est\u00e1ndares para impulsar a la compa\u00f1\u00eda hacia una cultura de preventiva de seguridad en todos los niveles de la organizaci\u00f3n, velando por la salud f\u00edsica y mental de sus colaboradores. Su foco est\u00e1 en el liderazgo, la identificaci\u00f3n de los riesgos de alto potencial que pueden provocar lesiones graves y fatales (LGF) y en los controles preventivos.<\/p>\n<p>Para asegurar su sostenibilidad en el tiempo, la estrategia est\u00e1 acompa\u00f1ada de capacitaciones y mediciones para generar liderazgos visibles en terreno, definir procesos y controlar la adherencia de las conductas de los colaboradores a los procesos definidos por el programa.[\/vc_column_text][\/vc_column_inner][vc_column_inner width=\u00bb1\/3&#8243; css=\u00bb.vc_custom_1689977929464{padding-left: 30px !important;}\u00bb][vc_single_image image=\u00bb3581&#8243; img_size=\u00bbfull\u00bb style=\u00bbvc_box_circle_2&#8243;][\/vc_column_inner][\/vc_row_inner]<div class=\"clearboth\"><\/div><style>#thegem-divider-69fb4f2817f90 {margin-top: 45px !important;}<\/style><div id=\"thegem-divider-69fb4f2817f90\" class=\"gem-divider  \" style=\"\" ><\/div>[\/vc_column][\/vc_row][vc_row][vc_column width=\u00bb1\/5&#8243;][\/vc_column][vc_column width=\u00bb4\/5&#8243;][vc_row_inner equal_height=\u00bbyes\u00bb content_placement=\u00bbmiddle\u00bb][vc_column_inner width=\u00bb1\/3&#8243; css=\u00bb.vc_custom_1689977929464{padding-left: 30px !important;}\u00bb][vc_single_image image=\u00bb3583&#8243; img_size=\u00bbfull\u00bb style=\u00bbvc_box_circle_2&#8243;][\/vc_column_inner][vc_column_inner width=\u00bb2\/3&#8243;][vc_column_text css=\u00bb\u00bb]<\/p>\n<h4><span style=\"font-weight: 400;\">Diversidad e inclusi\u00f3n \u00a0<\/span><\/h4>\n<p><span style=\"font-weight: 400;\">Hanseatic Global Terminals Latin America entiende el valor de la diversidad al interior de la organizaci\u00f3n como un factor diferenciador que permite una mayor competitividad en un escenario global, ya que nutre con distintos puntos de vista, incrementa la creatividad y la innovaci\u00f3n, y ampl\u00eda el enfoque. Su compromiso con esta materia se refleja en la <strong><a href=\"https:\/\/latinamerica.hanseaticglobalterminals.com\/wp-content\/uploads\/2025\/08\/05.-Politica-de-Diversidad-e-Inclusion.pdf\" target=\"_blank\" rel=\"noopener\">Pol\u00edtica de Diversidad e Inclusi\u00f3n<\/a><\/strong>, dise\u00f1ada para difundir e integrar estas tem\u00e1ticas en el lugar de trabajo en todos los niveles de la empresa, en un marco de respeto y comprensi\u00f3n del valor subyacente de las diferencias individuales.<br \/>\n<\/span>[\/vc_column_text][\/vc_column_inner][\/vc_row_inner]<div class=\"clearboth\"><\/div><style>#thegem-divider-69fb4f2817fb2 {margin-top: 45px !important;}<\/style><div id=\"thegem-divider-69fb4f2817fb2\" class=\"gem-divider  \" style=\"\" ><\/div>[\/vc_column][\/vc_row][vc_row custom_css_code=\u00bbJTIwLmdlbS10ZXh0Ym94LWNvbnRlbnQlN0IlMEFwYWRkaW5nJTNBJTIwMCUzQiUwQSU3RCUwQS5nZW0tYWxlcnQtYm94LmNlbnRlcmVkLWJveCUyMC5nZW0tYWxlcnQtYm94LWNvbnRlbnQlN0IlMEFwYWRkaW5nJTNBJTIwMCUzQiUwQSU3RA==\u00bb css_animation=\u00bbfadeIn\u00bb][vc_column]<div id=\"fullwidth-block-69fb4f2818b3d\" class=\"fullwidth-block fullwidth-block-parallax-fixed clearfix\" data-mobile-parallax-enable=\"0\" style=\"padding-top: 105px;padding-bottom: 115px;padding-left: 20%px;padding-right: 20%px;\"><script type=\"text\/javascript\">if (typeof(gem_fix_fullwidth_position) == \"function\") { gem_fix_fullwidth_position(document.getElementById(\"fullwidth-block-69fb4f2818b3d\")); }<\/script><div class=\"fullwidth-block-background\" style=\"background-image: url(https:\/\/latinamerica.hanseaticglobalterminals.com\/wp-content\/uploads\/2023\/07\/San-Antonio-Puerto-056-scaled.jpg);background-position: center top;\"><\/div><div class=\"fullwidth-block-parallax-overlay\" style=\"background-color: #222A36CC;\"><\/div><div class=\"fullwidth-block-inner\"><div class=\"container\">[vc_row_inner][vc_column_inner][vc_single_image image=\u00bb3573&#8243; img_size=\u00bbfull\u00bb alignment=\u00bbcenter\u00bb][vc_column_text]<\/p>\n<h6 style=\"text-align: center;\"><span style=\"color: #ffffff;\"><strong>Visi\u00f3n de seguridad<\/strong><\/span><\/h6>\n<p>[\/vc_column_text][vc_column_text css=\u00bb\u00bb]<\/p>\n<h3 style=\"text-align: center;\"><span style=\"font-weight: 400; color: #ffffff;\">Me cuido, te cuido y doy el ejemplo.\u202f En Hanseatic Global Terminals Latin America y sus empresas trabajamos en conjunto por incorporar la seguridad en cada una de nuestras acciones, d\u00eda a d\u00eda, todos los d\u00edas.<br \/>\n<\/span><\/h3>\n<p>[\/vc_column_text][\/vc_column_inner][\/vc_row_inner]<\/div><\/div><\/div>[\/vc_column][\/vc_row]<\/p>\n<\/div>","protected":false},"excerpt":{"rendered":"<p>[vc_row css=\u00bb.vc_custom_1511178027038{margin-bottom: 0px !important;}\u00bb][vc_column][\/vc_column][\/vc_row][vc_row el_id=\u00bbpeople\u00bb][vc_column width=\u00bb1\/5&#8243;][\/vc_column][vc_column width=\u00bb4\/5&#8243;][vc_column_text css=\u00bb\u00bb] Personas 1 [\/vc_column_text][vc_column_text css=\u00bb\u00bb] Las personas que forman parte de Hanseatic Global&#8230;<\/p>\n","protected":false},"author":1,"featured_media":0,"parent":0,"menu_order":0,"comment_status":"closed","ping_status":"closed","template":"","meta":{"footnotes":""},"class_list":["post-3102","page","type-page","status-publish"],"_links":{"self":[{"href":"https:\/\/latinamerica.hanseaticglobalterminals.com\/es\/wp-json\/wp\/v2\/pages\/3102","targetHints":{"allow":["GET"]}}],"collection":[{"href":"https:\/\/latinamerica.hanseaticglobalterminals.com\/es\/wp-json\/wp\/v2\/pages"}],"about":[{"href":"https:\/\/latinamerica.hanseaticglobalterminals.com\/es\/wp-json\/wp\/v2\/types\/page"}],"author":[{"embeddable":true,"href":"https:\/\/latinamerica.hanseaticglobalterminals.com\/es\/wp-json\/wp\/v2\/users\/1"}],"replies":[{"embeddable":true,"href":"https:\/\/latinamerica.hanseaticglobalterminals.com\/es\/wp-json\/wp\/v2\/comments?post=3102"}],"version-history":[{"count":22,"href":"https:\/\/latinamerica.hanseaticglobalterminals.com\/es\/wp-json\/wp\/v2\/pages\/3102\/revisions"}],"predecessor-version":[{"id":5152,"href":"https:\/\/latinamerica.hanseaticglobalterminals.com\/es\/wp-json\/wp\/v2\/pages\/3102\/revisions\/5152"}],"wp:attachment":[{"href":"https:\/\/latinamerica.hanseaticglobalterminals.com\/es\/wp-json\/wp\/v2\/media?parent=3102"}],"curies":[{"name":"wp","href":"https:\/\/api.w.org\/{rel}","templated":true}]}}