{"id":3068,"date":"2023-07-06T21:25:14","date_gmt":"2023-07-06T21:25:14","guid":{"rendered":"https:\/\/latinamerica.hanseaticglobalterminals.com\/our-team\/"},"modified":"2026-05-04T16:59:57","modified_gmt":"2026-05-04T16:59:57","slug":"equipo","status":"publish","type":"page","link":"https:\/\/latinamerica.hanseaticglobalterminals.com\/es\/equipo\/","title":{"rendered":"Equipo"},"content":{"rendered":"<div class=\"wpb-content-wrapper\"><p>[vc_row][vc_column][vc_column_text][\/vc_column_text][\/vc_column][\/vc_row][vc_row css=\u00bb.vc_custom_1511178027038{margin-bottom: 0px !important;}\u00bb][vc_column]<div class=\"clearboth\"><\/div><style>#thegem-divider-69fb4f2800f5c {margin-top: 60px !important;}<\/style><div id=\"thegem-divider-69fb4f2800f5c\" class=\"gem-divider  \" style=\"\" ><\/div>[\/vc_column][\/vc_row][vc_row][vc_column][vc_column_text]<\/p>\n<div class=\"styled-subtitle\" style=\"text-align: center; max-width: 980px; margin: auto;\">El equipo corporativo est\u00e1 compuesto por profesionales con amplia experiencia en sus \u00e1reas. Son un grupo humano comprometido con una gesti\u00f3n de excelencia, la entrega de un servicio de calidad y el desarrollo sostenible del negocio, poniendo a los clientes en el centro.<\/div>\n<p>[\/vc_column_text]<div class=\"clearboth\"><\/div><style>#thegem-divider-69fb4f2800fab {margin-top: 40px !important;}<\/style><div id=\"thegem-divider-69fb4f2800fab\" class=\"gem-divider  \" style=\"\" ><\/div>[\/vc_column][\/vc_row][vc_row][vc_column width=\u00bb1\/3&#8243;]<div class=\"clearboth\"><\/div><style>#thegem-divider-69fb4f2800fdc {margin-top: 5px !important;}<\/style><div id=\"thegem-divider-69fb4f2800fdc\" class=\"gem-divider  \" style=\"width: 100%;\" ><\/div><div class=\"gem-image gem-wrapbox gem-wrapbox-style-default gem-wrapbox-position-left  thegem-custom-69fb4f28010146029\"  style=\"\" ><div class=\"gem-wrapbox-inner \" ><img class=\"gem-wrapbox-element img-responsive\" src=\"https:\/\/latinamerica.hanseaticglobalterminals.com\/wp-content\/uploads\/2024\/08\/Rodrigo.jpg\" alt=\"\"\/><\/div><style type=\"text\/css\">.thegem-custom-69fb4f28010146029.gem-image a:hover img {filter: brightness( 100% ) contrast( 100% ) saturate( 100% ) blur( 0px ) hue-rotate( 0deg );}<\/style><\/div><div class=\"clearboth\"><\/div><style>#thegem-divider-69fb4f2801bf8 {margin-top: 25px !important;}<\/style><div id=\"thegem-divider-69fb4f2801bf8\" class=\"gem-divider  \" style=\"width: 100%;\" ><\/div>[vc_column_text css=\u00bb\u00bb]<\/p>\n<div class=\"title-h4\" style=\"text-align: left; margin-bottom: 5px;\"><span style=\"color: #5f727f;\">RODRIGO GALLEGUILLOS<\/span><\/div>\n<div>\n<p>Regional CEO<\/p>\n<\/div>\n<p>[\/vc_column_text]<div class=\"clearboth\"><\/div><style>#thegem-divider-69fb4f2801c2c {margin-top: 15px !important;}#thegem-divider-69fb4f2801c2c {margin-bottom: 25px !important;}<\/style><div id=\"thegem-divider-69fb4f2801c2c\" class=\"gem-divider   gem-divider-style-2\" style=\"width: 55px;border-color: #FF6600;\" ><\/div>[vc_tta_accordion style=\u00bbsimple_solid\u00bb active_section=\u00bb\u00bb no_fill=\u00bbtrue\u00bb collapsible_all=\u00bbtrue\u00bb][vc_tta_section title=\u00bbVer m\u00e1s\u00bb tab_id=\u00bb1722961878498-09b6aa78-cf2ac2a0-eb0e\u00bb][vc_column_text css=\u00bb\u00bb]Ingeniero comercial de la Universidad Adolfo Ib\u00e1\u00f1ez, m\u00e1ster en Finanzas de la misma casa de estudios y MBA de la Bond University (Australia). Cuenta con una s\u00f3lida trayectoria en el sector mar\u00edtimo, portuario y log\u00edstico, donde se ha desempe\u00f1ado por m\u00e1s de una d\u00e9cada en diversos cargos gerenciales, tanto en Chile como en Argentina. Antes de asumir como SVP Commercial &amp; Business Development, fue gerente general de San Antonio Terminal Internacional entre 2021 y 2024.<\/p>\n<p>Desde 2025 contin\u00faa como SVP Commercial &amp; Business Development de Hanseatic Global Terminals Latinoam\u00e9rica.[\/vc_column_text][\/vc_tta_section][\/vc_tta_accordion][\/vc_column][vc_column width=\u00bb1\/3&#8243;]<div class=\"clearboth\"><\/div><style>#thegem-divider-69fb4f2801c56 {margin-top: 5px !important;}<\/style><div id=\"thegem-divider-69fb4f2801c56\" class=\"gem-divider  \" style=\"width: 100%;\" ><\/div><div class=\"gem-image gem-wrapbox gem-wrapbox-style-default gem-wrapbox-position-left  thegem-custom-69fb4f2801c849982\"  style=\"\" ><div class=\"gem-wrapbox-inner \" ><img class=\"gem-wrapbox-element img-responsive\" src=\"https:\/\/latinamerica.hanseaticglobalterminals.com\/wp-content\/uploads\/2024\/08\/Rodolfo.jpg\" alt=\"\"\/><\/div><style type=\"text\/css\">.thegem-custom-69fb4f2801c849982.gem-image a:hover img {filter: brightness( 100% ) contrast( 100% ) saturate( 100% ) blur( 0px ) hue-rotate( 0deg );}<\/style><\/div><div class=\"clearboth\"><\/div><style>#thegem-divider-69fb4f280285b {margin-top: 25px !important;}<\/style><div id=\"thegem-divider-69fb4f280285b\" class=\"gem-divider  \" style=\"width: 100%;\" ><\/div>[vc_column_text]<\/p>\n<div class=\"title-h4\" style=\"text-align: left; margin-bottom: 5px;\"><span style=\"color: #5f727f;\">RODOLFO D\u00edAZ<\/span><\/div>\n<div>\n<p>Chief Financial Officer<\/p>\n<\/div>\n<p>[\/vc_column_text]<div class=\"clearboth\"><\/div><style>#thegem-divider-69fb4f280288c {margin-top: 15px !important;}#thegem-divider-69fb4f280288c {margin-bottom: 25px !important;}<\/style><div id=\"thegem-divider-69fb4f280288c\" class=\"gem-divider   gem-divider-style-2\" style=\"width: 55px;border-color: #FF6600;\" ><\/div>[vc_tta_accordion style=\u00bbsimple_solid\u00bb active_section=\u00bb\u00bb no_fill=\u00bbtrue\u00bb collapsible_all=\u00bbtrue\u00bb][vc_tta_section title=\u00bbVer m\u00e1s\u00bb tab_id=\u00bb1722961851383-689a3d9f-05d8c2a0-eb0e\u00bb][vc_column_text css=\u00bb\u00bb]Rodolfo es Ingeniero Civil Industrial de la Universidad de Chile con un Master en Ciencias de la Ingenier\u00eda de la misma Universidad, y un MBA en Finanzas del Massachusetts Institute of Technology, USA.<\/p>\n<p>Tiene una amplia trayectoria profesional, gran parte de ella bajo el alero de Hapag-Lloyd, compa\u00f1\u00eda a la que se uni\u00f3 en 2006 y en la cual ha ocupado diferentes cargos en Administraci\u00f3n. Comenz\u00f3 en Chile trabajando para CSAV como VP de Finanzas y Administraci\u00f3n, y luego desde 2012 hasta 2014 actu\u00f3 como VP de Finanzas y Administraci\u00f3n para la Regi\u00f3n Norteamericana de CSAV en Estados Unidos. En 2014 hasta 2017 lider\u00f3 la funci\u00f3n de Administraci\u00f3n de Negocios en \u00c1rea Brasil y desde 2018 hasta el 31 de julio de 2023, ha actuado como SVP de Administraci\u00f3n de Negocios para Regi\u00f3n Latinoam\u00e9rica.[\/vc_column_text][\/vc_tta_section][\/vc_tta_accordion][\/vc_column][vc_column width=\u00bb1\/3&#8243;]<div class=\"clearboth\"><\/div><style>#thegem-divider-69fb4f28028b3 {margin-top: 5px !important;}<\/style><div id=\"thegem-divider-69fb4f28028b3\" class=\"gem-divider  \" style=\"width: 100%;\" ><\/div><div class=\"gem-image gem-wrapbox gem-wrapbox-style-default gem-wrapbox-position-left  thegem-custom-69fb4f28028df893\"  style=\"\" ><div class=\"gem-wrapbox-inner \" ><img class=\"gem-wrapbox-element img-responsive\" src=\"https:\/\/latinamerica.hanseaticglobalterminals.com\/wp-content\/uploads\/2026\/05\/Team-Temp.jpg\" alt=\"\"\/><\/div><style type=\"text\/css\">.thegem-custom-69fb4f28028df893.gem-image a:hover img {filter: brightness( 100% ) contrast( 100% ) saturate( 100% ) blur( 0px ) hue-rotate( 0deg );}<\/style><\/div><div class=\"clearboth\"><\/div><style>#thegem-divider-69fb4f28033b0 {margin-top: 25px !important;}<\/style><div id=\"thegem-divider-69fb4f28033b0\" class=\"gem-divider  \" style=\"width: 100%;\" ><\/div>[vc_column_text css=\u00bb\u00bb]<\/p>\n<div class=\"title-h4\" style=\"text-align: left; margin-bottom: 5px;\"><span style=\"color: #5f727f;\">&#8211;<\/span><\/div>\n<div>\n<p><span style=\"font-weight: 400;\">Senior Vice President Commercial &amp; Business Development<\/span><\/p>\n<\/div>\n<p>[\/vc_column_text]<div class=\"clearboth\"><\/div><style>#thegem-divider-69fb4f28033df {margin-top: 15px !important;}#thegem-divider-69fb4f28033df {margin-bottom: 25px !important;}<\/style><div id=\"thegem-divider-69fb4f28033df\" class=\"gem-divider   gem-divider-style-2\" style=\"width: 55px;border-color: #FF6600;\" ><\/div>[vc_tta_accordion style=\u00bbsimple_solid\u00bb active_section=\u00bb\u00bb no_fill=\u00bbtrue\u00bb collapsible_all=\u00bbtrue\u00bb][vc_tta_section title=\u00bbVer m\u00e1s\u00bb tab_id=\u00bb1777913959603-eef1dc4f-70ac\u00bb][vc_column_text css=\u00bb\u00bb]-[\/vc_column_text][\/vc_tta_section][\/vc_tta_accordion][\/vc_column][\/vc_row][vc_row][vc_column width=\u00bb1\/3&#8243;]<div class=\"clearboth\"><\/div><style>#thegem-divider-69fb4f2803405 {margin-top: 5px !important;}<\/style><div id=\"thegem-divider-69fb4f2803405\" class=\"gem-divider  \" style=\"width: 100%;\" ><\/div><div class=\"gem-image gem-wrapbox gem-wrapbox-style-default gem-wrapbox-position-left  thegem-custom-69fb4f280342e6094\"  style=\"\" ><div class=\"gem-wrapbox-inner \" ><img class=\"gem-wrapbox-element img-responsive\" src=\"https:\/\/latinamerica.hanseaticglobalterminals.com\/wp-content\/uploads\/2024\/08\/Ivan.jpg\" alt=\"\"\/><\/div><style type=\"text\/css\">.thegem-custom-69fb4f280342e6094.gem-image a:hover img {filter: brightness( 100% ) contrast( 100% ) saturate( 100% ) blur( 0px ) hue-rotate( 0deg );}<\/style><\/div><div class=\"clearboth\"><\/div><style>#thegem-divider-69fb4f2803da7 {margin-top: 25px !important;}<\/style><div id=\"thegem-divider-69fb4f2803da7\" class=\"gem-divider  \" style=\"width: 100%;\" ><\/div>[vc_column_text]<\/p>\n<div class=\"title-h4\" style=\"text-align: left; margin-bottom: 5px;\"><span style=\"color: #5f727f;\">IV\u00c1N DEOSDAD<\/span><\/div>\n<div>\n<p><span style=\"font-weight: 400;\">Senior Vice President Operations<\/span><\/p>\n<\/div>\n<p>[\/vc_column_text]<div class=\"clearboth\"><\/div><style>#thegem-divider-69fb4f2803dd3 {margin-top: 15px !important;}#thegem-divider-69fb4f2803dd3 {margin-bottom: 25px !important;}<\/style><div id=\"thegem-divider-69fb4f2803dd3\" class=\"gem-divider   gem-divider-style-2\" style=\"width: 55px;border-color: #FF6600;\" ><\/div>[vc_tta_accordion style=\u00bbsimple_solid\u00bb active_section=\u00bb2&#8243; no_fill=\u00bbtrue\u00bb collapsible_all=\u00bbtrue\u00bb][vc_tta_section title=\u00bbVer m\u00e1s\u00bb tab_id=\u00bb1722961621679-dcc9061f-6aafc2a0-eb0e\u00bb][vc_column_text css=\u00bb\u00bb]Graduado en N\u00e1utica y Transporte Mar\u00edtimo por la Universitat Polit\u00e8cnica de Catalunya (UPC), con un Diploma en Direcci\u00f3n de Terminales de Contenedores (MTO) por el DP World Institute. Cuenta adem\u00e1s con una certificaci\u00f3n Lean Six Sigma Black Belt por la Universitat Polit\u00e8cnica de Valencia (UPV) y una en gesti\u00f3n del cambio de Prosci.<\/p>\n<p>Iv\u00e1n posee m\u00e1s de 20 a\u00f1os de trayectoria profesional en la industria portuaria a nivel internacional; antes de asumir el cargo se desempe\u00f1\u00f3 en COSCO Shipping Ports, DP World y Hutchison Ports ocupando diferentes puestos de alta direcci\u00f3n. Ingres\u00f3 a la compa\u00f1\u00eda en octubre de 2021.[\/vc_column_text][\/vc_tta_section][\/vc_tta_accordion][\/vc_column][vc_column width=\u00bb1\/3&#8243;]<div class=\"clearboth\"><\/div><style>#thegem-divider-69fb4f2803df7 {margin-top: 5px !important;}<\/style><div id=\"thegem-divider-69fb4f2803df7\" class=\"gem-divider  \" style=\"width: 100%;\" ><\/div><div class=\"gem-image gem-wrapbox gem-wrapbox-style-default gem-wrapbox-position-left  thegem-custom-69fb4f2803e1f9055\"  style=\"\" ><div class=\"gem-wrapbox-inner \" ><img class=\"gem-wrapbox-element img-responsive\" src=\"https:\/\/latinamerica.hanseaticglobalterminals.com\/wp-content\/uploads\/2024\/08\/Gaston.jpg\" alt=\"\"\/><\/div><style type=\"text\/css\">.thegem-custom-69fb4f2803e1f9055.gem-image a:hover img {filter: brightness( 100% ) contrast( 100% ) saturate( 100% ) blur( 0px ) hue-rotate( 0deg );}<\/style><\/div><div class=\"clearboth\"><\/div><style>#thegem-divider-69fb4f2804756 {margin-top: 25px !important;}<\/style><div id=\"thegem-divider-69fb4f2804756\" class=\"gem-divider  \" style=\"width: 100%;\" ><\/div>[vc_column_text css=\u00bb\u00bb]<\/p>\n<div class=\"title-h4\" style=\"text-align: left; margin-bottom: 5px;\"><span style=\"color: #5f727f;\">GAST\u00d3N MOYA<\/span><\/div>\n<div>\n<p>SVP People &amp; Sustainability<\/p>\n<\/div>\n<p>[\/vc_column_text]<div class=\"clearboth\"><\/div><style>#thegem-divider-69fb4f2804780 {margin-top: 15px !important;}#thegem-divider-69fb4f2804780 {margin-bottom: 25px !important;}<\/style><div id=\"thegem-divider-69fb4f2804780\" class=\"gem-divider   gem-divider-style-2\" style=\"width: 55px;border-color: #FF6600;\" ><\/div>[vc_tta_accordion style=\u00bbsimple_solid\u00bb active_section=\u00bb\u00bb no_fill=\u00bbtrue\u00bb collapsible_all=\u00bbtrue\u00bb][vc_tta_section title=\u00bbVer m\u00e1s\u00bb tab_id=\u00bb1722961881300-e01cb78b-7839c2a0-eb0e\u00bb][vc_column_text css=\u00bb\u00bb]Psic\u00f3logo de\u00a0la\u00a0Pontificia Universidad\u00a0Cat\u00f3lica\u00a0de\u00a0Chile,\u00a0MBA de Loyola College. Antes de asumir como gerente de Recursos Humanos en la compa\u00f1\u00eda, se desempe\u00f1\u00f3 en igual\u00a0cargo\u00a0en\u00a0SAAM, en Metro S.A. e IBM Chile y como gerente de Recursos Humanos y Comunicaciones en Minera Spence y Minera Cerro Colorado de BHP Billiton.[\/vc_column_text][\/vc_tta_section][\/vc_tta_accordion][\/vc_column][vc_column width=\u00bb1\/3&#8243;]<div class=\"clearboth\"><\/div><style>#thegem-divider-69fb4f28047a2 {margin-top: 5px !important;}<\/style><div id=\"thegem-divider-69fb4f28047a2\" class=\"gem-divider  \" style=\"width: 100%;\" ><\/div><div class=\"gem-image gem-wrapbox gem-wrapbox-style-default gem-wrapbox-position-left  thegem-custom-69fb4f28047c98116\"  style=\"\" ><div class=\"gem-wrapbox-inner \" ><img class=\"gem-wrapbox-element img-responsive\" src=\"https:\/\/latinamerica.hanseaticglobalterminals.com\/wp-content\/uploads\/2024\/08\/Claudio.jpg\" alt=\"\"\/><\/div><style type=\"text\/css\">.thegem-custom-69fb4f28047c98116.gem-image a:hover img {filter: brightness( 100% ) contrast( 100% ) saturate( 100% ) blur( 0px ) hue-rotate( 0deg );}<\/style><\/div><div class=\"clearboth\"><\/div><style>#thegem-divider-69fb4f2805303 {margin-top: 25px !important;}<\/style><div id=\"thegem-divider-69fb4f2805303\" class=\"gem-divider  \" style=\"width: 100%;\" ><\/div>[vc_column_text]<\/p>\n<div class=\"title-h4\" style=\"text-align: left; margin-bottom: 5px;\"><span style=\"color: #5f727f;\">CLAUDIO AGUILERA<\/span><\/div>\n<div>\n<p class=\"p2\">Senior Vice President Information &amp; Communication Technologies<\/p>\n<\/div>\n<p>[\/vc_column_text]<div class=\"clearboth\"><\/div><style>#thegem-divider-69fb4f2805331 {margin-top: 15px !important;}#thegem-divider-69fb4f2805331 {margin-bottom: 25px !important;}<\/style><div id=\"thegem-divider-69fb4f2805331\" class=\"gem-divider   gem-divider-style-2\" style=\"width: 55px;border-color: #FF6600;\" ><\/div>[vc_tta_accordion style=\u00bbsimple_solid\u00bb active_section=\u00bb\u00bb no_fill=\u00bbtrue\u00bb collapsible_all=\u00bbtrue\u00bb][vc_tta_section title=\u00bbVer m\u00e1s\u00bb tab_id=\u00bb1722961869013-df883428-77dbc2a0-eb0e\u00bb][vc_column_text css=\u00bb\u00bb]<\/p>\n<p class=\"p2\">Es Ingeniero Inform\u00e1tico dela Pontificia Universidad Cat\u00f3lica de Valpara\u00edso. Tambi\u00e9n posee una maestr\u00eda en Tecnolog\u00edas de la Informaci\u00f3n de la Universidad T\u00e9cnica Federico Santa Mar\u00eda, un posgrado en Gesti\u00f3n de Proyectos de Software de la Pontificia Universidad Cat\u00f3lica de Chile y un Certificado Profesional en Transformaci\u00f3n Digital del Instituto Tecnol\u00f3gico de Massachusetts (MIT).<\/p>\n<p class=\"p2\">Antes de ocupar su cargo actual, se desempe\u00f1\u00f3 como Gerente Corporativo de Sistemas y Comunicaciones en SAAM.<\/p>\n<p class=\"p2\">A lo largo de su carrera profesional, ha acumulado m\u00e1s de 20 a\u00f1os de experiencia en las industrias del transporte mar\u00edtimo, terminales portuarios y log\u00edstica, ocupando varios puestos ejecutivos en gesti\u00f3n de TI en CCNI y Hamburg S\u00fcd Chile, llegando a ser Subgerente de Tecnolog\u00edas de la Informaci\u00f3n.<\/p>\n<p>[\/vc_column_text][\/vc_tta_section][\/vc_tta_accordion][\/vc_column][\/vc_row]<\/p>\n<\/div>","protected":false},"excerpt":{"rendered":"<p>[vc_row][vc_column][vc_column_text][\/vc_column_text][\/vc_column][\/vc_row][vc_row css=\u00bb.vc_custom_1511178027038{margin-bottom: 0px !important;}\u00bb][vc_column][\/vc_column][\/vc_row][vc_row][vc_column][vc_column_text] El equipo corporativo est\u00e1 compuesto por profesionales con amplia experiencia en sus \u00e1reas. Son un grupo&#8230;<\/p>\n","protected":false},"author":1,"featured_media":0,"parent":0,"menu_order":0,"comment_status":"closed","ping_status":"closed","template":"","meta":{"footnotes":""},"class_list":["post-3068","page","type-page","status-publish"],"_links":{"self":[{"href":"https:\/\/latinamerica.hanseaticglobalterminals.com\/es\/wp-json\/wp\/v2\/pages\/3068","targetHints":{"allow":["GET"]}}],"collection":[{"href":"https:\/\/latinamerica.hanseaticglobalterminals.com\/es\/wp-json\/wp\/v2\/pages"}],"about":[{"href":"https:\/\/latinamerica.hanseaticglobalterminals.com\/es\/wp-json\/wp\/v2\/types\/page"}],"author":[{"embeddable":true,"href":"https:\/\/latinamerica.hanseaticglobalterminals.com\/es\/wp-json\/wp\/v2\/users\/1"}],"replies":[{"embeddable":true,"href":"https:\/\/latinamerica.hanseaticglobalterminals.com\/es\/wp-json\/wp\/v2\/comments?post=3068"}],"version-history":[{"count":22,"href":"https:\/\/latinamerica.hanseaticglobalterminals.com\/es\/wp-json\/wp\/v2\/pages\/3068\/revisions"}],"predecessor-version":[{"id":5377,"href":"https:\/\/latinamerica.hanseaticglobalterminals.com\/es\/wp-json\/wp\/v2\/pages\/3068\/revisions\/5377"}],"wp:attachment":[{"href":"https:\/\/latinamerica.hanseaticglobalterminals.com\/es\/wp-json\/wp\/v2\/media?parent=3068"}],"curies":[{"name":"wp","href":"https:\/\/api.w.org\/{rel}","templated":true}]}}